{"id":1001,"date":"2019-10-11T16:01:45","date_gmt":"2019-10-11T14:01:45","guid":{"rendered":"http:\/\/www.oeibf.at\/?page_id=1001"},"modified":"2019-10-23T00:22:02","modified_gmt":"2019-10-22T22:22:02","slug":"imprint","status":"publish","type":"page","link":"https:\/\/oeibf.at\/en\/imprint\/","title":{"rendered":"Imprint"},"content":{"rendered":"<p><div class=\"fusion-fullwidth fullwidth-box fusion-builder-row-1 nonhundred-percent-fullwidth non-hundred-percent-height-scrolling fusion-equal-height-columns\" style=\"background-color: #ffffff;background-position: center center;background-repeat: no-repeat;padding-top:0px;padding-right:0px;padding-bottom:0px;padding-left:0px;margin-bottom: 0px;margin-top: 0px;border-width: 0px 0px 0px 0px;border-color:rgba(234,233,233,0);border-style:solid;\" ><div class=\"fusion-builder-row fusion-row\"><div class=\"fusion-layout-column fusion_builder_column fusion-builder-column-0 fusion_builder_column_1_1 1_1 fusion-one-full fusion-column-first fusion-column-last\" style=\"margin-top:0px;margin-bottom:0px;\"><div class=\"fusion-column-wrapper fusion-flex-column-wrapper-legacy\" style=\"background-position:left top;background-repeat:no-repeat;-webkit-background-size:cover;-moz-background-size:cover;-o-background-size:cover;background-size:cover;padding: 0px 120px 0px 0px;\"><style type=\"text\/css\"><\/style><div class=\"fusion-title title fusion-title-1 fusion-sep-none fusion-title-text fusion-title-size-one\" style=\"margin-top:0px;margin-right:0px;margin-bottom:31px;margin-left:0px;\"><h1 class=\"title-heading-left\" style=\"margin:0;\"><p style=\"text-align: center;\">IMPRINT<\/p><\/h1><\/div><div class=\"fusion-sep-clear\"><\/div><div class=\"fusion-separator fusion-full-width-sep\" style=\"margin-left: auto;margin-right: auto;margin-top:15xp;margin-bottom:15px;width:100%;\"><\/div><div class=\"fusion-sep-clear\"><\/div><div class=\"fusion-text fusion-text-1\"><h2><span class=\"notranslate\">\u00f6ibf &#8211; Austrian Institute for Vocational Training Research<\/span><br \/>\n<span class=\"notranslate\"> Austrian Institute for Research on Vocational Training<\/span><\/h2>\n<p><span class=\"notranslate\"> Margaretenstr.<\/span> <span class=\"notranslate\"> 166\/2.<\/span> <span class=\"notranslate\"> floor<\/span><br \/>\n<span class=\"notranslate\"> A-1050 Vienna<\/span><\/p>\n<p><span class=\"notranslate\"> Telephone: <a href=\"tel:004313103334\">+43 1 310 33 34<\/a><\/span><br \/>\n<span class=\"notranslate\"> <a href=\"mailto:oeibf@oeibf.at\">E-mail<\/a><\/span><\/p>\n<p><span class=\"notranslate\"> ZVR number: 718743404<\/span><br \/>\n<span class=\"notranslate\"> DVR: 963526<\/span><\/p>\n<p><span class=\"notranslate\"> Sales tax identification number\/UID: ATU1637 2805<\/span><\/p>\n<h2><span class=\"notranslate\"> Purpose<\/span><\/h2>\n<p><span class=\"notranslate\"> Purpose of the association is:<\/span><\/p>\n<p><span class=\"notranslate\"> Encouraging, promoting and conducting scientific studies and research projects in all areas of education.<\/span><br \/>\n<span class=\"notranslate\"> Conducting projects in the field of educational research and related disciplines.<\/span><br \/>\n<span class=\"notranslate\"> Implementation of projects in the field of labor market and occupational research.<\/span><br \/>\n<span class=\"notranslate\"> Further development of scientific methods and basic research.<\/span><br \/>\n<span class=\"notranslate\"> National and international research cooperation.<\/span><\/p>\n<h2><span class=\"notranslate\"> Implementation of the website<\/span><\/h2>\n<p><span class=\"notranslate\"> Brandchilli e.U.<br \/>\n<\/span><\/p>\n<p><span class=\"notranslate\"> <a href=\"https:\/\/translate.googleusercontent.com\/translate_c?depth=1&amp;hl=en&amp;rurl=translate.google.com&amp;sl=auto&amp;sp=nmt4&amp;tl=en&amp;u=http:\/\/www.brandchilli.at\/&amp;xid=25657,15700021,15700186,15700190,15700256,15700259,15700262,15700265,15700271&amp;usg=ALkJrhjmnDGjGQr2uY7b0PwvNOZJ5-2Lfg\">www.brandchilli.at<\/a><\/span><\/p>\n<h2><span class=\"notranslate\"> Publisher responsible for this website (according to \u00a7 25 Abs 5 MedienG):<\/span><\/h2>\n<p><span class=\"notranslate\"> \u00f6ibf &#8211; Austrian Institute for Vocational Training Research<\/span><\/p>\n<p><span class=\"notranslate\"> Picture credits: Ronnie Niedermeyer<\/span><\/p>\n<\/div><div class=\"fusion-clearfix\"><\/div><\/div><\/div><\/div><\/div><div class=\"fusion-fullwidth fullwidth-box fusion-builder-row-2 nonhundred-percent-fullwidth non-hundred-percent-height-scrolling\" style=\"background-color: #ffffff;background-position: center center;background-repeat: no-repeat;padding-top:0px;padding-right:0px;padding-bottom:0px;padding-left:0px;margin-bottom: 0px;margin-top: 0px;border-width: 0px 0px 0px 0px;border-color:rgba(234,233,233,0);border-style:solid;\" ><div class=\"fusion-builder-row fusion-row\"><div class=\"fusion-layout-column fusion_builder_column fusion-builder-column-1 fusion_builder_column_1_1 1_1 fusion-one-full fusion-column-first fusion-column-last\" style=\"margin-top:0px;margin-bottom:0px;\"><div class=\"fusion-column-wrapper fusion-flex-column-wrapper-legacy\" style=\"background-position:left top;background-repeat:no-repeat;-webkit-background-size:cover;-moz-background-size:cover;-o-background-size:cover;background-size:cover;padding: 0px 40px 0px 40px;\"><div class=\"fusion-sep-clear\"><\/div><div class=\"fusion-separator fusion-full-width-sep\" style=\"margin-left: auto;margin-right: auto;margin-top:110px;margin-bottom:25px;width:100%;\"><\/div><div class=\"fusion-sep-clear\"><\/div><div class=\"fusion-clearfix\"><\/div><\/div><\/div><\/div><\/div><div class=\"fusion-fullwidth fullwidth-box fusion-builder-row-3 nonhundred-percent-fullwidth non-hundred-percent-height-scrolling\" style=\"background-color: #ffffff;background-position: center center;background-repeat: no-repeat;padding-top:0px;padding-right:0px;padding-bottom:0px;padding-left:0px;margin-bottom: 0px;margin-top: 0px;border-width: 0px 0px 0px 0px;border-color:rgba(234,233,233,0);border-style:solid;\" ><div class=\"fusion-builder-row fusion-row\"><div class=\"fusion-layout-column fusion_builder_column fusion-builder-column-2 fusion_builder_column_1_1 1_1 fusion-one-full fusion-column-first fusion-column-last\" style=\"margin-top:0px;margin-bottom:0px;\"><div class=\"fusion-column-wrapper fusion-flex-column-wrapper-legacy\" style=\"background-position:left top;background-repeat:no-repeat;-webkit-background-size:cover;-moz-background-size:cover;-o-background-size:cover;background-size:cover;padding: 0px 0px 0px 0px;\"><div class=\"fusion-text fusion-text-2\"><p>\u00a0<\/p>\n<\/div><div class=\"fusion-clearfix\"><\/div><\/div><\/div><\/div><\/div><\/p>\n","protected":false},"excerpt":{"rendered":"","protected":false},"author":1,"featured_media":0,"parent":0,"menu_order":0,"comment_status":"closed","ping_status":"open","template":"","meta":{"inline_featured_image":false},"yoast_head":"<!-- This site is optimized with the Yoast SEO plugin v19.7.1 - https:\/\/yoast.com\/wordpress\/plugins\/seo\/ -->\n<title>\u00f6ibf - Austrian Institute for Vocational Training Research - Imprint<\/title>\n<meta name=\"description\" content=\"Imprint \u00f6ibf - Austrian Institute for Vocational Training Research, Margaretenstra\u00dfe 166\/2. floor A-1050 Vienna, Telephone: +43 (0) 1 310 33 34\" \/>\n<meta name=\"robots\" content=\"index, follow, max-snippet:-1, max-image-preview:large, max-video-preview:-1\" \/>\n<link rel=\"canonical\" href=\"https:\/\/oeibf.at\/en\/imprint\/\" \/>\n<meta property=\"og:locale\" content=\"en_US\" \/>\n<meta property=\"og:type\" content=\"article\" \/>\n<meta property=\"og:title\" content=\"\u00f6ibf - Austrian Institute for Vocational Training Research - Imprint\" \/>\n<meta property=\"og:description\" content=\"Imprint \u00f6ibf - Austrian Institute for Vocational Training Research, Margaretenstra\u00dfe 166\/2. floor A-1050 Vienna, Telephone: +43 (0) 1 310 33 34\" \/>\n<meta property=\"og:url\" content=\"https:\/\/oeibf.at\/en\/imprint\/\" \/>\n<meta property=\"og:site_name\" content=\"\u00f6ibf\" \/>\n<meta property=\"article:modified_time\" content=\"2019-10-22T22:22:02+00:00\" \/>\n<meta name=\"twitter:card\" content=\"summary_large_image\" \/>\n<meta name=\"twitter:label1\" content=\"Est. reading time\" \/>\n\t<meta name=\"twitter:data1\" content=\"5 minutes\" \/>\n<script type=\"application\/ld+json\" class=\"yoast-schema-graph\">{\"@context\":\"https:\/\/schema.org\",\"@graph\":[{\"@type\":\"WebPage\",\"@id\":\"https:\/\/oeibf.at\/en\/imprint\/\",\"url\":\"https:\/\/oeibf.at\/en\/imprint\/\",\"name\":\"\u00f6ibf - Austrian Institute for Vocational Training Research - Imprint\",\"isPartOf\":{\"@id\":\"https:\/\/oeibf.at\/#website\"},\"datePublished\":\"2019-10-11T14:01:45+00:00\",\"dateModified\":\"2019-10-22T22:22:02+00:00\",\"description\":\"Imprint \u00f6ibf - Austrian Institute for Vocational Training Research, Margaretenstra\u00dfe 166\/2. floor A-1050 Vienna, Telephone: +43 (0) 1 310 33 34\",\"breadcrumb\":{\"@id\":\"https:\/\/oeibf.at\/en\/imprint\/#breadcrumb\"},\"inLanguage\":\"en-US\",\"potentialAction\":[{\"@type\":\"ReadAction\",\"target\":[\"https:\/\/oeibf.at\/en\/imprint\/\"]}]},{\"@type\":\"BreadcrumbList\",\"@id\":\"https:\/\/oeibf.at\/en\/imprint\/#breadcrumb\",\"itemListElement\":[{\"@type\":\"ListItem\",\"position\":1,\"name\":\"Startseite\",\"item\":\"https:\/\/oeibf.at\/en\/\"},{\"@type\":\"ListItem\",\"position\":2,\"name\":\"Imprint\"}]},{\"@type\":\"WebSite\",\"@id\":\"https:\/\/oeibf.at\/#website\",\"url\":\"https:\/\/oeibf.at\/\",\"name\":\"\u00f6ibf\",\"description\":\"\u00d6sterreichisches Institut f\u00fcr Berufsbildungsforschung\",\"potentialAction\":[{\"@type\":\"SearchAction\",\"target\":{\"@type\":\"EntryPoint\",\"urlTemplate\":\"https:\/\/oeibf.at\/?s={search_term_string}\"},\"query-input\":\"required name=search_term_string\"}],\"inLanguage\":\"en-US\"}]}<\/script>\n<!-- \/ Yoast SEO plugin. -->","yoast_head_json":{"title":"\u00f6ibf - Austrian Institute for Vocational Training Research - Imprint","description":"Imprint \u00f6ibf - Austrian Institute for Vocational Training Research, Margaretenstra\u00dfe 166\/2. floor A-1050 Vienna, Telephone: +43 (0) 1 310 33 34","robots":{"index":"index","follow":"follow","max-snippet":"max-snippet:-1","max-image-preview":"max-image-preview:large","max-video-preview":"max-video-preview:-1"},"canonical":"https:\/\/oeibf.at\/en\/imprint\/","og_locale":"en_US","og_type":"article","og_title":"\u00f6ibf - Austrian Institute for Vocational Training Research - Imprint","og_description":"Imprint \u00f6ibf - Austrian Institute for Vocational Training Research, Margaretenstra\u00dfe 166\/2. floor A-1050 Vienna, Telephone: +43 (0) 1 310 33 34","og_url":"https:\/\/oeibf.at\/en\/imprint\/","og_site_name":"\u00f6ibf","article_modified_time":"2019-10-22T22:22:02+00:00","twitter_card":"summary_large_image","twitter_misc":{"Est. reading time":"5 minutes"},"schema":{"@context":"https:\/\/schema.org","@graph":[{"@type":"WebPage","@id":"https:\/\/oeibf.at\/en\/imprint\/","url":"https:\/\/oeibf.at\/en\/imprint\/","name":"\u00f6ibf - Austrian Institute for Vocational Training Research - Imprint","isPartOf":{"@id":"https:\/\/oeibf.at\/#website"},"datePublished":"2019-10-11T14:01:45+00:00","dateModified":"2019-10-22T22:22:02+00:00","description":"Imprint \u00f6ibf - Austrian Institute for Vocational Training Research, Margaretenstra\u00dfe 166\/2. floor A-1050 Vienna, Telephone: +43 (0) 1 310 33 34","breadcrumb":{"@id":"https:\/\/oeibf.at\/en\/imprint\/#breadcrumb"},"inLanguage":"en-US","potentialAction":[{"@type":"ReadAction","target":["https:\/\/oeibf.at\/en\/imprint\/"]}]},{"@type":"BreadcrumbList","@id":"https:\/\/oeibf.at\/en\/imprint\/#breadcrumb","itemListElement":[{"@type":"ListItem","position":1,"name":"Startseite","item":"https:\/\/oeibf.at\/en\/"},{"@type":"ListItem","position":2,"name":"Imprint"}]},{"@type":"WebSite","@id":"https:\/\/oeibf.at\/#website","url":"https:\/\/oeibf.at\/","name":"\u00f6ibf","description":"\u00d6sterreichisches Institut f\u00fcr Berufsbildungsforschung","potentialAction":[{"@type":"SearchAction","target":{"@type":"EntryPoint","urlTemplate":"https:\/\/oeibf.at\/?s={search_term_string}"},"query-input":"required name=search_term_string"}],"inLanguage":"en-US"}]}},"_links":{"self":[{"href":"https:\/\/oeibf.at\/en\/wp-json\/wp\/v2\/pages\/1001"}],"collection":[{"href":"https:\/\/oeibf.at\/en\/wp-json\/wp\/v2\/pages"}],"about":[{"href":"https:\/\/oeibf.at\/en\/wp-json\/wp\/v2\/types\/page"}],"author":[{"embeddable":true,"href":"https:\/\/oeibf.at\/en\/wp-json\/wp\/v2\/users\/1"}],"replies":[{"embeddable":true,"href":"https:\/\/oeibf.at\/en\/wp-json\/wp\/v2\/comments?post=1001"}],"version-history":[{"count":6,"href":"https:\/\/oeibf.at\/en\/wp-json\/wp\/v2\/pages\/1001\/revisions"}],"predecessor-version":[{"id":1252,"href":"https:\/\/oeibf.at\/en\/wp-json\/wp\/v2\/pages\/1001\/revisions\/1252"}],"wp:attachment":[{"href":"https:\/\/oeibf.at\/en\/wp-json\/wp\/v2\/media?parent=1001"}],"curies":[{"name":"wp","href":"https:\/\/api.w.org\/{rel}","templated":true}]}}