{"id":1833,"date":"2020-09-15T11:26:44","date_gmt":"2020-09-15T09:26:44","guid":{"rendered":"https:\/\/oeibf.at\/?page_id=1833"},"modified":"2020-12-22T13:20:05","modified_gmt":"2020-12-22T12:20:05","slug":"verena-bauer-ba","status":"publish","type":"page","link":"https:\/\/oeibf.at\/en\/verena-bauer-ba\/","title":{"rendered":"Verena Bauer, MA"},"content":{"rendered":"<p><div class=\"fusion-fullwidth fullwidth-box fusion-builder-row-1 nonhundred-percent-fullwidth non-hundred-percent-height-scrolling\" style=\"background-color: #ffffff;background-position: center center;background-repeat: no-repeat;padding-top:0px;padding-right:0px;padding-bottom:0px;padding-left:0px;margin-bottom: 0px;margin-top: 0px;border-width: 0px 0px 0px 0px;border-color:rgba(234,233,233,0);border-style:solid;\" ><div class=\"fusion-builder-row fusion-row\"><div class=\"fusion-layout-column fusion_builder_column fusion-builder-column-0 fusion_builder_column_1_6 1_6 fusion-one-sixth fusion-column-first\" style=\"width:16.666666666667%;width:calc(16.666666666667% - ( ( 4% + 4% + 4% ) * 0.16666666666667 ) );margin-right: 4%;margin-top:0px;margin-bottom:0px;\"><div class=\"fusion-column-wrapper fusion-flex-column-wrapper-legacy\" style=\"background-position:left top;background-repeat:no-repeat;-webkit-background-size:cover;-moz-background-size:cover;-o-background-size:cover;background-size:cover;padding: 0px 40px 0px 40px;\"><div class=\"fusion-clearfix\"><\/div><\/div><\/div><div class=\"fusion-layout-column fusion_builder_column fusion-builder-column-1 fusion_builder_column_1_3 1_3 fusion-one-third\" style=\"width:33.333333333333%;width:calc(33.333333333333% - ( ( 4% + 4% + 4% ) * 0.33333333333333 ) );margin-right: 4%;margin-top:0px;margin-bottom:0px;\"><div class=\"fusion-column-wrapper fusion-flex-column-wrapper-legacy\" style=\"background-position:left top;background-repeat:no-repeat;-webkit-background-size:cover;-moz-background-size:cover;-o-background-size:cover;background-size:cover;padding: 0px 0px 0px 0px;\"><style type=\"text\/css\"><\/style><div class=\"fusion-title title fusion-title-1 fusion-sep-none fusion-title-text fusion-title-size-one\" style=\"margin-top:0px;margin-right:0px;margin-bottom:31px;margin-left:0px;\"><h1 class=\"title-heading-left\" style=\"margin:0;\"><p style=\"text-align: center;\"><span class=\"person-name\">Verena Bauer, MA<\/span><\/p><\/h1><\/div><div class=\"fusion-person person fusion-person-center fusion-person-1 fusion-person-icon-top\"><div class=\"person-shortcode-image-wrapper\"><div class=\"person-image-container hover-type-zoomin person-rounded-overflow\" style=\"-webkit-border-radius:1px;-moz-border-radius:1px;border-radius:1px;border:2px solid #d87c13;-webkit-border-radius:1px;-moz-border-radius:1px;border-radius:1px;\"><img class=\"person-img img-responsive wp-image-1838\" width=\"394\" height=\"550\" src=\"https:\/\/oeibf.at\/wp-content\/uploads\/2020\/08\/Foto_Verena_400_550.jpg\" srcset=\"https:\/\/oeibf.at\/wp-content\/uploads\/2020\/08\/Foto_Verena_400_550-200x279.jpg 200w, https:\/\/oeibf.at\/wp-content\/uploads\/2020\/08\/Foto_Verena_400_550.jpg 394w\" sizes=\"(max-width: 800px) 100vw, 394px\" \/><\/div><\/div><\/div><style type=\"text\/css\">.fusion-person-1 .boxed-icons .fusion-social-network-icon{border-top-width:0px !important;border-right-width:0px !important;border-bottom-width:0px !important;border-left-width:0px !important;border-color:var(--awb-color3) !important;}.fusion-person-1 .boxed-icons .fusion-social-network-icon:hover{background-color:rgba(232,232,232,0.8) !important;border-color:var(--awb-color4) !important;}.fusion-person-1 .fusion-social-network-icon:hover{color:rgba(255,255,255,0.8) !important;}.fusion-person-1{ margin-top : 0px;margin-right : 0px;margin-bottom : 0px;margin-left : 0px;}<\/style><div class=\"fusion-clearfix\"><\/div><\/div><\/div><div class=\"fusion-layout-column fusion_builder_column fusion-builder-column-2 fusion_builder_column_1_3 1_3 fusion-one-third\" style=\"width:33.333333333333%;width:calc(33.333333333333% - ( ( 4% + 4% + 4% ) * 0.33333333333333 ) );margin-right: 4%;margin-top:0px;margin-bottom:0px;\"><div class=\"fusion-column-wrapper fusion-flex-column-wrapper-legacy\" style=\"background-position:left top;background-repeat:no-repeat;-webkit-background-size:cover;-moz-background-size:cover;-o-background-size:cover;background-size:cover;padding: 0px 0px 0px 0px;\"><style type=\"text\/css\">@media only screen and (max-width:800px) {.fusion-title.fusion-title-2{margin-top:40px!important;margin-bottom:!important;}}<\/style><div class=\"fusion-title title fusion-title-2 fusion-sep-none fusion-title-text fusion-title-size-two\" style=\"margin-top:65px;margin-right:0px;margin-bottom:31px;margin-left:0px;\"><h2 class=\"title-heading-left\" style=\"margin:0;\">PORTRAIT<\/h2><\/div><div class=\"fusion-text fusion-text-1\"><p>At the \u00f6ibf I am since March 2020 and studied sociology at the University of Vienna. My focus ist on initial and continuing vocational education and training systems, dual training, gender and digitization. The methodological focus is more on qualitative surveys.<\/p>\n<\/div><div class=\"fusion-person person fusion-person-center fusion-person-2 fusion-person-icon-top\"><div class=\"person-desc\"><div class=\"person-author\"><div class=\"person-author-wrapper\"><span class=\"person-name\">Verena Bauer, MA<\/span><span class=\"person-title\">project assistance<\/span><\/div><div class=\"fusion-social-networks\"><div class=\"fusion-social-networks-wrapper\"><a class=\"fusion-social-network-icon fusion-tooltip fusion-mail awb-icon-mail\" aria-label=\"fusion-mail\" href=\"mailto:&#118;e&#114;&#101;&#110;a.&#098;a&#117;e&#114;&#064;&#111;&#101;&#105;&#098;&#102;&#046;&#097;&#116;\" target=\"_self\" style=\"color:#d87c13;font-size:16px;\" data-placement=\"top\" data-title=\"Mail\" title=\"Mail\" data-toggle=\"tooltip\"><\/a><\/div><\/div><\/div><div class=\"person-content fusion-clearfix\">Tel.: +43 1 310 33 34 22<\/div><\/div><\/div><style type=\"text\/css\">.fusion-person-2 .boxed-icons .fusion-social-network-icon{border-top-width:0px !important;border-right-width:0px !important;border-bottom-width:0px !important;border-left-width:0px !important;border-color:var(--awb-color3) !important;}.fusion-person-2 .boxed-icons .fusion-social-network-icon:hover{background-color:rgba(232,232,232,0.8) !important;border-color:var(--awb-color4) !important;}.fusion-person-2 .fusion-social-network-icon:hover{color:rgba(255,255,255,0.8) !important;}.fusion-person-2{ margin-top : 0px;margin-right : 0px;margin-bottom : 0px;margin-left : 0px;}<\/style><div class=\"fusion-clearfix\"><\/div><\/div><\/div><div class=\"fusion-layout-column fusion_builder_column fusion-builder-column-3 fusion_builder_column_1_6 1_6 fusion-one-sixth fusion-column-last\" style=\"width:16.666666666667%;width:calc(16.666666666667% - ( ( 4% + 4% + 4% ) * 0.16666666666667 ) );margin-top:0px;margin-bottom:0px;\"><div class=\"fusion-column-wrapper fusion-flex-column-wrapper-legacy\" style=\"background-position:left top;background-repeat:no-repeat;-webkit-background-size:cover;-moz-background-size:cover;-o-background-size:cover;background-size:cover;padding: 0px 40px 0px 40px;\"><div class=\"fusion-clearfix\"><\/div><\/div><\/div><\/div><\/div><div class=\"fusion-fullwidth fullwidth-box fusion-builder-row-2 nonhundred-percent-fullwidth non-hundred-percent-height-scrolling\" style=\"background-color: #ffffff;background-position: center center;background-repeat: no-repeat;padding-top:0px;padding-right:0px;padding-bottom:0px;padding-left:0px;margin-bottom: 0px;margin-top: 0px;border-width: 0px 0px 0px 0px;border-color:rgba(234,233,233,0);border-style:solid;\" ><div class=\"fusion-builder-row fusion-row\"><div class=\"fusion-layout-column fusion_builder_column fusion-builder-column-4 fusion_builder_column_1_6 1_6 fusion-one-sixth fusion-column-first\" style=\"width:16.666666666667%;width:calc(16.666666666667% - ( ( 4% + 4% ) * 0.16666666666667 ) );margin-right: 4%;margin-top:0px;margin-bottom:0px;\"><div class=\"fusion-column-wrapper fusion-flex-column-wrapper-legacy\" style=\"background-position:left top;background-repeat:no-repeat;-webkit-background-size:cover;-moz-background-size:cover;-o-background-size:cover;background-size:cover;padding: 0px 40px 0px 40px;\"><div class=\"fusion-clearfix\"><\/div><\/div><\/div><div class=\"fusion-layout-column fusion_builder_column fusion-builder-column-5 fusion_builder_column_2_3 2_3 fusion-two-third\" style=\"width:66.666666666667%;width:calc(66.666666666667% - ( ( 4% + 4% ) * 0.66666666666667 ) );margin-right: 4%;margin-top:0px;margin-bottom:0px;\"><div class=\"fusion-column-wrapper fusion-flex-column-wrapper-legacy\" style=\"background-position:left top;background-repeat:no-repeat;-webkit-background-size:cover;-moz-background-size:cover;-o-background-size:cover;background-size:cover;padding: 0px 0px 0px 0px;\"><style type=\"text\/css\">@media only screen and (max-width:800px) {.fusion-title.fusion-title-3{margin-top:40px!important;margin-bottom:!important;}}<\/style><div class=\"fusion-title title fusion-title-3 fusion-sep-none fusion-title-text fusion-title-size-two\" style=\"margin-top:60px;margin-right:0px;margin-bottom:31px;margin-left:0px;\"><h2 class=\"title-heading-left\" style=\"margin:0;\"><h2 style=\"text-align: center;\">PUBLIKATIONEN &amp; VORTR\u00c4GE<\/h2><\/h2><\/div><div class=\"fusion-text fusion-text-2\"><div id=\"zotpress-883043456e7942f2aa47c276b3d0fad3\" class=\"zp-Zotpress zp-Zotpress-Bib wp-block-group\">\n\n\t\t<span class=\"ZP_API_USER_ID\" style=\"display: none;\">2190915<\/span>\n\t\t<span class=\"ZP_ITEM_KEY\" style=\"display: none;\"><\/span>\n\t\t<span class=\"ZP_COLLECTION_ID\" style=\"display: none;\"><\/span>\n\t\t<span class=\"ZP_TAG_ID\" style=\"display: none;\"><\/span>\n\t\t<span class=\"ZP_AUTHOR\" style=\"display: none;\">Bauer<\/span>\n\t\t<span class=\"ZP_YEAR\" style=\"display: none;\"><\/span>\n        <span class=\"ZP_ITEMTYPE\" style=\"display: none;\"><\/span>\n        <span class=\"ZP_ITEM_TYPE\" style=\"display: none;\">items<\/span>\n\t\t<span class=\"ZP_INCLUSIVE\" style=\"display: none;\">1<\/span>\n\t\t<span class=\"ZP_STYLE\" style=\"display: none;\">apa<\/span>\n\t\t<span class=\"ZP_LIMIT\" style=\"display: none;\"><\/span>\n\t\t<span class=\"ZP_SORTBY\" style=\"display: none;\">date<\/span>\n\t\t<span class=\"ZP_ORDER\" style=\"display: none;\">desc<\/span>\n\t\t<span class=\"ZP_TITLE\" style=\"display: none;\">year<\/span>\n\t\t<span class=\"ZP_SHOWIMAGE\" style=\"display: none;\">1<\/span>\n\t\t<span class=\"ZP_SHOWTAGS\" style=\"display: none;\"><\/span>\n\t\t<span class=\"ZP_DOWNLOADABLE\" style=\"display: none;\">1<\/span>\n\t\t<span class=\"ZP_NOTES\" style=\"display: none;\"><\/span>\n\t\t<span class=\"ZP_ABSTRACT\" style=\"display: none;\"><\/span>\n\t\t<span class=\"ZP_CITEABLE\" style=\"display: none;\">1<\/span>\n\t\t<span class=\"ZP_TARGET\" style=\"display: none;\"><\/span>\n\t\t<span class=\"ZP_URLWRAP\" style=\"display: none;\"><\/span>\n\t\t<span class=\"ZP_FORCENUM\" style=\"display: none;\"><\/span>\n        <span class=\"ZP_HIGHLIGHT\" style=\"display: none;\"><\/span>\n\t\t<span class=\"ZOTPRESS_PLUGIN_URL\" style=\"display:none;\">https:\/\/oeibf.at\/wp-content\/plugins\/zotpress\/<\/span>\n\n\t\t<div class=\"zp-List loading\">\n<div class=\"zp-SEO-Content\"><div id=\"zp-ID-1833-2190915-NE76M6Y3\" class=\"zp-Entry zpSearchResultsItem\"><div class=\"csl-bib-body\" style=\"line-height: 2; padding-left: 1em; text-indent:-1em;\">\n  <div class=\"csl-entry\">Mayerl, M., Bauer, V., Petanovitsch, A., Lachmayr, N., &amp; Schm&#xF6;lz, A. (2022). <i>Berufsbezogenes E-Learning inmitten der COVID-19 Pandemie. Entwicklungen und Herausforderungen aus der Perspektive der Arbeitnehmer:innen<\/i>. &#xF6;ibf. <a title='Cite in RIS Format' class='zp-CiteRIS' href='https:\/\/oeibf.at\/wp-content\/plugins\/zotpress\/lib\/request\/request.cite.php?api_user_id=2190915&amp;item_key=NE76M6Y3'>Cite<\/a>  <a title='Download' class='zp-DownloadURL' href='https:\/\/oeibf.at\/wp-content\/plugins\/zotpress\/lib\/request\/request.dl.php?api_user_id=2190915&amp;dlkey=JSZKDB7S&amp;content_type=application\/pdf'>Download<\/a><\/div>\n<\/div><\/div><div id=\"zp-ID-1833-2190915-R4GHWGLX\" class=\"zp-Entry zpSearchResultsItem\"><div class=\"csl-bib-body\" style=\"line-height: 2; padding-left: 1em; text-indent:-1em;\">\n  <div class=\"csl-entry\">L&#xF6;ffler, R., Michitsch, V., Mayerl, M., Bauer, V., Esterl, A., Geppert, C., Petanovitsch, A., &amp; Pirstnig, M. (2022). <i>Bildungs- und Berufsverl&#xE4;ufe von Absolvent\/inn\/en der Bildungsanstalten und Kollegs f&#xFC;r Elementarp&#xE4;dagogik. Synthesebericht an das Bundesministerium f&#xFC;r Bildung, Wissenschaft und Forschung<\/i>. &#xF6;ibf. <a title='Cite in RIS Format' class='zp-CiteRIS' href='https:\/\/oeibf.at\/wp-content\/plugins\/zotpress\/lib\/request\/request.cite.php?api_user_id=2190915&amp;item_key=R4GHWGLX'>Cite<\/a>  <a title='Download' class='zp-DownloadURL' href='https:\/\/oeibf.at\/wp-content\/plugins\/zotpress\/lib\/request\/request.dl.php?api_user_id=2190915&amp;dlkey=9HLFLMZH&amp;content_type=application\/pdf'>Download<\/a><\/div>\n<\/div><\/div><div id=\"zp-ID-1833-2190915-CE4QW7ZL\" class=\"zp-Entry zpSearchResultsItem\"><div class=\"csl-bib-body\" style=\"line-height: 2; padding-left: 1em; text-indent:-1em;\">\n  <div class=\"csl-entry\">L&#xF6;ffler, R., Bauer, V., Geppert, C., &amp; Petanovitsch, A. (2021). <i>Entwicklung einer Strategie f&#xFC;r die Bildungs- und Berufsorientierung in Salzburg<\/i> (p. 115) [Projektabschlussbericht]. &#xF6;ibf. <a title='Cite in RIS Format' class='zp-CiteRIS' href='https:\/\/oeibf.at\/wp-content\/plugins\/zotpress\/lib\/request\/request.cite.php?api_user_id=2190915&amp;item_key=CE4QW7ZL'>Cite<\/a> <\/div>\n<\/div><\/div><div id=\"zp-ID-1833-2190915-6RUP8TQ8\" class=\"zp-Entry zpSearchResultsItem\"><div class=\"csl-bib-body\" style=\"line-height: 2; padding-left: 1em; text-indent:-1em;\">\n  <div class=\"csl-entry\">Schm&#xF6;lz, A., Bauer, V., Gugitscher, K., Proinger, J., Lachmayr, N., Geppert, C., Gruber, E., Hintermayer, A., Klein, S., &amp; Moser, J. (2021). <i>Dig-CERT &amp; Kombizertifikate: Wissenschaftliche Verfahrensentwicklung &amp; Umsetzung<\/i> [Projektabschlussbericht]. &#xD6;sterreichisches Institut f&#xFC;r Berufsbildungsforschung (&#xF6;ibf). <a title='Cite in RIS Format' class='zp-CiteRIS' href='https:\/\/oeibf.at\/wp-content\/plugins\/zotpress\/lib\/request\/request.cite.php?api_user_id=2190915&amp;item_key=6RUP8TQ8'>Cite<\/a> <\/div>\n<\/div><\/div><div id=\"zp-ID-1833-2190915-YP7DKT7L\" class=\"zp-Entry zpSearchResultsItem\"><div class=\"csl-bib-body\" style=\"line-height: 2; padding-left: 1em; text-indent:-1em;\">\n  <div class=\"csl-entry\">Mayerl, M., Lachmayr, N., &amp; Bauer, V. (2021). <i>Die Ausbildungssituation von Studierenden an Schulen f&#xFC;r Berufst&#xE4;tige in Wien<\/i> [Projektabschlussbericht]. &#xF6;ibf. <a title='Cite in RIS Format' class='zp-CiteRIS' href='https:\/\/oeibf.at\/wp-content\/plugins\/zotpress\/lib\/request\/request.cite.php?api_user_id=2190915&amp;item_key=YP7DKT7L'>Cite<\/a>  <a title='Download' class='zp-DownloadURL' href='https:\/\/oeibf.at\/wp-content\/plugins\/zotpress\/lib\/request\/request.dl.php?api_user_id=2190915&amp;dlkey=QGI5FRKI&amp;content_type=application\/pdf'>Download<\/a><\/div>\n<\/div><\/div><div id=\"zp-ID-1833-2190915-C64LPW5S\" class=\"zp-Entry zpSearchResultsItem\"><div class=\"csl-bib-body\" style=\"line-height: 2; padding-left: 1em; text-indent:-1em;\">\n  <div class=\"csl-entry\">Schm&#xF6;lz, A., Bauer, V., Gugitscher, K., Proinger, J., Lachmayr, N., Geppert, C., Gruber, E., Hintermayer, A., Klein, S., &amp; Moser, J. (2021). <i>Dig-CERT &amp; Kombizertifikate: Wissenschaftliche Verfahrensentwicklung &amp; Umsetzung<\/i> [Projektabschlussbericht]. &#xD6;sterreichisches Institut f&#xFC;r Berufsbildungsforschung (&#xF6;ibf). <a title='Cite in RIS Format' class='zp-CiteRIS' href='https:\/\/oeibf.at\/wp-content\/plugins\/zotpress\/lib\/request\/request.cite.php?api_user_id=2190915&amp;item_key=C64LPW5S'>Cite<\/a> <\/div>\n<\/div><\/div><div id=\"zp-ID-1833-2190915-8SC2BM8F\" class=\"zp-Entry zpSearchResultsItem\"><div class=\"csl-bib-body\" style=\"line-height: 2; padding-left: 1em; text-indent:-1em;\">\n  <div class=\"csl-entry\">Schmoelz, A., &amp; Bauer, V. (2021). Digitalisierung, Humanismus und die Zukunft von Arbeit und Berufsbildung: Zentrale Prognosen aus der Berufsbildungsforschung. In R. L&#xF6;ffler, P. Schl&#xF6;gl, &amp; A. Schmoelz (Eds.), <i>50 Jahre Berufsbildungsforschung in &#xD6;sterreich im Spannungsfeld von Wissenschaft, Politik und Praxis<\/i> (pp. 221&#x2013;236). wbv. <a href='http:\/\/dx.doi.org\/10.3278\/6004915w221'>http:\/\/dx.doi.org\/10.3278\/6004915w221<\/a> <a title='Cite in RIS Format' class='zp-CiteRIS' href='https:\/\/oeibf.at\/wp-content\/plugins\/zotpress\/lib\/request\/request.cite.php?api_user_id=2190915&amp;item_key=8SC2BM8F'>Cite<\/a> <\/div>\n<\/div><\/div><div id=\"zp-ID-1833-2190915-LRDMZ4EE\" class=\"zp-Entry zpSearchResultsItem\"><div class=\"csl-bib-body\" style=\"line-height: 2; padding-left: 1em; text-indent:-1em;\">\n  <div class=\"csl-entry\">Schm&#xF6;lz, A., Lachmayr, N., Proinger, J., Gugitscher, K., &amp; Bauer, V. (2020). <i>Evaluierung und Qualit&#xE4;tssicherung f&#xFC;r DIGCERT &amp; PROCHECK<\/i> [Projektabschlussbericht]. &#xD6;sterreichisches Institut f&#xFC;r Berufsbildungsforschung (&#xF6;ibf). <a title='Cite in RIS Format' class='zp-CiteRIS' href='https:\/\/oeibf.at\/wp-content\/plugins\/zotpress\/lib\/request\/request.cite.php?api_user_id=2190915&amp;item_key=LRDMZ4EE'>Cite<\/a> <\/div>\n<\/div><\/div><\/div><!-- .zp-zp-SEO-Content -->\n<\/div><!-- .zp-List --><\/div><!--.zp-Zotpress-->\n\n\n<\/div><div class=\"fusion-clearfix\"><\/div><\/div><\/div><div class=\"fusion-layout-column fusion_builder_column fusion-builder-column-6 fusion_builder_column_1_6 1_6 fusion-one-sixth fusion-column-last\" style=\"width:16.666666666667%;width:calc(16.666666666667% - ( ( 4% + 4% ) * 0.16666666666667 ) );margin-top:0px;margin-bottom:0px;\"><div class=\"fusion-column-wrapper fusion-flex-column-wrapper-legacy\" style=\"background-position:left top;background-repeat:no-repeat;-webkit-background-size:cover;-moz-background-size:cover;-o-background-size:cover;background-size:cover;padding: 0px 40px 0px 40px;\"><div class=\"fusion-clearfix\"><\/div><\/div><\/div><\/div><\/div><\/p>\n","protected":false},"excerpt":{"rendered":"","protected":false},"author":4,"featured_media":0,"parent":0,"menu_order":0,"comment_status":"closed","ping_status":"open","template":"","meta":{"inline_featured_image":false},"yoast_head":"<!-- This site is optimized with the Yoast SEO plugin v19.7.1 - https:\/\/yoast.com\/wordpress\/plugins\/seo\/ -->\n<title>Verena Bauer, MA, Projektleitung - \u00f6ibf Team<\/title>\n<meta name=\"description\" content=\"\u00d6sterreichisches Institut f\u00fcr Berufsbildungsforschung, Verena Bauer, BA - Projektassistenz- Tel.: +4313103334-22 - Portrait - Publikationen\" \/>\n<meta name=\"robots\" content=\"index, follow, max-snippet:-1, max-image-preview:large, max-video-preview:-1\" \/>\n<link rel=\"canonical\" href=\"https:\/\/oeibf.at\/en\/verena-bauer-ba\/\" \/>\n<meta property=\"og:locale\" content=\"en_US\" \/>\n<meta property=\"og:type\" content=\"article\" \/>\n<meta property=\"og:title\" content=\"Verena Bauer, MA, Projektleitung - \u00f6ibf Team\" \/>\n<meta property=\"og:description\" content=\"\u00d6sterreichisches Institut f\u00fcr Berufsbildungsforschung, Verena Bauer, BA - Projektassistenz- Tel.: +4313103334-22 - Portrait - Publikationen\" \/>\n<meta property=\"og:url\" content=\"https:\/\/oeibf.at\/en\/verena-bauer-ba\/\" \/>\n<meta property=\"og:site_name\" content=\"\u00f6ibf\" \/>\n<meta property=\"article:modified_time\" content=\"2020-12-22T12:20:05+00:00\" \/>\n<meta name=\"twitter:card\" content=\"summary_large_image\" \/>\n<meta name=\"twitter:label1\" content=\"Est. reading time\" \/>\n\t<meta name=\"twitter:data1\" content=\"8 minutes\" \/>\n<script type=\"application\/ld+json\" class=\"yoast-schema-graph\">{\"@context\":\"https:\/\/schema.org\",\"@graph\":[{\"@type\":\"WebPage\",\"@id\":\"https:\/\/oeibf.at\/en\/verena-bauer-ba\/\",\"url\":\"https:\/\/oeibf.at\/en\/verena-bauer-ba\/\",\"name\":\"Verena Bauer, MA, Projektleitung - \u00f6ibf Team\",\"isPartOf\":{\"@id\":\"https:\/\/oeibf.at\/#website\"},\"datePublished\":\"2020-09-15T09:26:44+00:00\",\"dateModified\":\"2020-12-22T12:20:05+00:00\",\"description\":\"\u00d6sterreichisches Institut f\u00fcr Berufsbildungsforschung, Verena Bauer, BA - Projektassistenz- Tel.: +4313103334-22 - Portrait - Publikationen\",\"breadcrumb\":{\"@id\":\"https:\/\/oeibf.at\/en\/verena-bauer-ba\/#breadcrumb\"},\"inLanguage\":\"en-US\",\"potentialAction\":[{\"@type\":\"ReadAction\",\"target\":[\"https:\/\/oeibf.at\/en\/verena-bauer-ba\/\"]}]},{\"@type\":\"BreadcrumbList\",\"@id\":\"https:\/\/oeibf.at\/en\/verena-bauer-ba\/#breadcrumb\",\"itemListElement\":[{\"@type\":\"ListItem\",\"position\":1,\"name\":\"Startseite\",\"item\":\"https:\/\/oeibf.at\/en\/\"},{\"@type\":\"ListItem\",\"position\":2,\"name\":\"Verena Bauer, MA\"}]},{\"@type\":\"WebSite\",\"@id\":\"https:\/\/oeibf.at\/#website\",\"url\":\"https:\/\/oeibf.at\/\",\"name\":\"\u00f6ibf\",\"description\":\"\u00d6sterreichisches Institut f\u00fcr Berufsbildungsforschung\",\"potentialAction\":[{\"@type\":\"SearchAction\",\"target\":{\"@type\":\"EntryPoint\",\"urlTemplate\":\"https:\/\/oeibf.at\/?s={search_term_string}\"},\"query-input\":\"required name=search_term_string\"}],\"inLanguage\":\"en-US\"}]}<\/script>\n<!-- \/ Yoast SEO plugin. -->","yoast_head_json":{"title":"Verena Bauer, MA, Projektleitung - \u00f6ibf Team","description":"\u00d6sterreichisches Institut f\u00fcr Berufsbildungsforschung, Verena Bauer, BA - Projektassistenz- Tel.: +4313103334-22 - Portrait - Publikationen","robots":{"index":"index","follow":"follow","max-snippet":"max-snippet:-1","max-image-preview":"max-image-preview:large","max-video-preview":"max-video-preview:-1"},"canonical":"https:\/\/oeibf.at\/en\/verena-bauer-ba\/","og_locale":"en_US","og_type":"article","og_title":"Verena Bauer, MA, Projektleitung - \u00f6ibf Team","og_description":"\u00d6sterreichisches Institut f\u00fcr Berufsbildungsforschung, Verena Bauer, BA - Projektassistenz- Tel.: +4313103334-22 - Portrait - Publikationen","og_url":"https:\/\/oeibf.at\/en\/verena-bauer-ba\/","og_site_name":"\u00f6ibf","article_modified_time":"2020-12-22T12:20:05+00:00","twitter_card":"summary_large_image","twitter_misc":{"Est. reading time":"8 minutes"},"schema":{"@context":"https:\/\/schema.org","@graph":[{"@type":"WebPage","@id":"https:\/\/oeibf.at\/en\/verena-bauer-ba\/","url":"https:\/\/oeibf.at\/en\/verena-bauer-ba\/","name":"Verena Bauer, MA, Projektleitung - \u00f6ibf Team","isPartOf":{"@id":"https:\/\/oeibf.at\/#website"},"datePublished":"2020-09-15T09:26:44+00:00","dateModified":"2020-12-22T12:20:05+00:00","description":"\u00d6sterreichisches Institut f\u00fcr Berufsbildungsforschung, Verena Bauer, BA - Projektassistenz- Tel.: +4313103334-22 - Portrait - Publikationen","breadcrumb":{"@id":"https:\/\/oeibf.at\/en\/verena-bauer-ba\/#breadcrumb"},"inLanguage":"en-US","potentialAction":[{"@type":"ReadAction","target":["https:\/\/oeibf.at\/en\/verena-bauer-ba\/"]}]},{"@type":"BreadcrumbList","@id":"https:\/\/oeibf.at\/en\/verena-bauer-ba\/#breadcrumb","itemListElement":[{"@type":"ListItem","position":1,"name":"Startseite","item":"https:\/\/oeibf.at\/en\/"},{"@type":"ListItem","position":2,"name":"Verena Bauer, MA"}]},{"@type":"WebSite","@id":"https:\/\/oeibf.at\/#website","url":"https:\/\/oeibf.at\/","name":"\u00f6ibf","description":"\u00d6sterreichisches Institut f\u00fcr Berufsbildungsforschung","potentialAction":[{"@type":"SearchAction","target":{"@type":"EntryPoint","urlTemplate":"https:\/\/oeibf.at\/?s={search_term_string}"},"query-input":"required name=search_term_string"}],"inLanguage":"en-US"}]}},"_links":{"self":[{"href":"https:\/\/oeibf.at\/en\/wp-json\/wp\/v2\/pages\/1833"}],"collection":[{"href":"https:\/\/oeibf.at\/en\/wp-json\/wp\/v2\/pages"}],"about":[{"href":"https:\/\/oeibf.at\/en\/wp-json\/wp\/v2\/types\/page"}],"author":[{"embeddable":true,"href":"https:\/\/oeibf.at\/en\/wp-json\/wp\/v2\/users\/4"}],"replies":[{"embeddable":true,"href":"https:\/\/oeibf.at\/en\/wp-json\/wp\/v2\/comments?post=1833"}],"version-history":[{"count":7,"href":"https:\/\/oeibf.at\/en\/wp-json\/wp\/v2\/pages\/1833\/revisions"}],"predecessor-version":[{"id":2002,"href":"https:\/\/oeibf.at\/en\/wp-json\/wp\/v2\/pages\/1833\/revisions\/2002"}],"wp:attachment":[{"href":"https:\/\/oeibf.at\/en\/wp-json\/wp\/v2\/media?parent=1833"}],"curies":[{"name":"wp","href":"https:\/\/api.w.org\/{rel}","templated":true}]}}