{"id":2418,"date":"2022-10-03T16:36:55","date_gmt":"2022-10-03T14:36:55","guid":{"rendered":"https:\/\/oeibf.at\/?page_id=2418"},"modified":"2022-10-03T17:35:02","modified_gmt":"2022-10-03T15:35:02","slug":"search","status":"publish","type":"page","link":"https:\/\/oeibf.at\/en\/search\/","title":{"rendered":"Search for \u00f6ibf publications"},"content":{"rendered":"<p><div class=\"fusion-fullwidth fullwidth-box fusion-builder-row-1 has-pattern-background has-mask-background nonhundred-percent-fullwidth non-hundred-percent-height-scrolling\" style=\"background-color: #ffffff;background-position: center center;background-repeat: no-repeat;padding-top:0px;padding-right:0px;padding-bottom:2%;padding-left:0px;margin-bottom: 0px;margin-top: 0px;border-width: 0px 0px 0px 0px;border-color:rgba(234,233,233,0);border-style:solid;\" ><div class=\"fusion-builder-row fusion-row\"><div class=\"fusion-layout-column fusion_builder_column fusion-builder-column-0 fusion_builder_column_1_1 1_1 fusion-one-full fusion-column-first fusion-column-last\" style=\"margin-top:0px;margin-bottom:0px;\"><div class=\"fusion-column-wrapper fusion-flex-column-wrapper-legacy\" style=\"background-position:left top;background-repeat:no-repeat;-webkit-background-size:cover;-moz-background-size:cover;-o-background-size:cover;background-size:cover;padding: 0px 40px 0px 40px;\"><style type=\"text\/css\"><\/style><div class=\"fusion-title title fusion-title-1 fusion-sep-none fusion-title-center fusion-title-text fusion-title-size-one\" style=\"margin-top:0px;margin-right:0px;margin-bottom:31px;margin-left:0px;\"><h1 class=\"title-heading-center\" style=\"margin:0;\"><p style=\"text-align: center;\">PUBLICATIONS &amp; LECTURES<\/p><\/h1><\/div><div class=\"fusion-text fusion-text-1\"><p style=\"text-align: center;\">Search our database for \u00f6ibf publications.<\/p>\n<\/div><div class=\"fusion-clearfix\"><\/div><\/div><\/div><\/div><\/div><div class=\"fusion-fullwidth fullwidth-box fusion-builder-row-2 has-pattern-background has-mask-background nonhundred-percent-fullwidth non-hundred-percent-height-scrolling\" style=\"background-color: #ffffff;background-position: center center;background-repeat: no-repeat;padding-top:0px;padding-right:0px;padding-bottom:0px;padding-left:0px;margin-bottom: 0px;margin-top: 0px;border-width: 0px 0px 0px 0px;border-color:rgba(234,233,233,0);border-style:solid;\" ><div class=\"fusion-builder-row fusion-row\"><div class=\"fusion-layout-column fusion_builder_column fusion-builder-column-1 fusion_builder_column_1_1 1_1 fusion-one-full fusion-column-first fusion-column-last\" style=\"margin-top:0px;margin-bottom:0px;\"><div class=\"fusion-column-wrapper fusion-flex-column-wrapper-legacy\" style=\"background-position:left top;background-repeat:no-repeat;-webkit-background-size:cover;-moz-background-size:cover;-o-background-size:cover;background-size:cover;padding: 0px 0px 0px 0px;\"><div class=\"fusion-text fusion-text-2\"><a name=\"zotpress-lib-15ef21967db327245857721a315cb3ed\"><\/a>\n<div id=\"zotpress-lib-15ef21967db327245857721a315cb3ed\" class=\"zp-Library zp-Browse\">\n<span class=\"ZP_API_USER_ID\" style=\"display: none;\">2190915<\/span>\n\n<span class=\"ZP_MAXTAGS\" style=\"display: none;\">100<\/span>\n<span class=\"ZP_STYLE\" style=\"display: none;\"><\/span>\n<span class=\"ZP_SORTBY\" style=\"display: none;\">default<\/span>\n<span class=\"ZP_ORDER\" style=\"display: none;\">asc<\/span>\n<span class=\"ZP_CITEABLE\" style=\"display: none;\">yes<\/span>\n<span class=\"ZP_DOWNLOADABLE\" style=\"display: none;\">yes<\/span>\n<span class=\"ZP_SHOWTAGS\" style=\"display: none;\"><\/span>\n<span class=\"ZP_SHOWIMAGE\" style=\"display: none;\"><\/span>\n<span class=\"ZP_TOPLEVEL\" style=\"display: none;\">toplevel<\/span><span class=\"ZP_TARGET\" style=\"display: none;\"><\/span>\n<span class=\"ZP_URLWRAP\" style=\"display: none;\"><\/span><span class=\"ZP_BROWSEBAR\" style=\"display: none;\">1<\/span>\n<div class=\"zp-Browse-Bar\"><div class=\"zp-Zotpress-SearchBox\"><input class=\"zp-Zotpress-SearchBox-Input\" class=\"help\" type=\"text\" placeholder=\"Type to search\" \/><input type=\"hidden\" class=\"ZOTPRESS_AC_MINLENGTH\" name=\"ZOTPRESS_AC_MINLENGTH\" value=\"4\" \/><input type=\"hidden\" class=\"ZOTPRESS_AC_MAXRESULTS\" name=\"ZOTPRESS_AC_MAXRESULTS\" value=\"50\" \/><input type=\"hidden\" class=\"ZOTPRESS_AC_MAXPERPAGE\" name=\"ZOTPRESS_AC_MAXPERPAGE\" value=\"40\" \/><input type=\"hidden\" class=\"ZOTPRESS_AC_MAXPAGES\" name=\"ZOTPRESS_AC_MAXPAGES\" value=\"10\" \/><input type=\"hidden\" class=\"ZOTPRESS_AC_DOWNLOAD\" name=\"ZOTPRESS_AC_DOWNLOAD\" value=\"yes\" \/><input type=\"hidden\" class=\"ZOTPRESS_AC_CITE\" name=\"ZOTPRESS_AC_CITE\" value=\"yes\" \/><input type=\"hidden\" class=\"ZOTPRESS_PLUGIN_URL\" name=\"ZOTPRESS_PLUGIN_URL\" value=\"https:\/\/oeibf.at\/wp-content\/plugins\/zotpress\/\" \/><input type=\"hidden\" class=\"ZOTPRESS_USER\" name=\"ZOTPRESS_USER\" value=\"2190915\" \/><\/div>\n<\/div><!-- .zp-Browse-Bar -->\n\n<div class=\"zp-List\"><img class=\"zpSearchLoading\" src=\"https:\/\/oeibf.at\/wp-content\/plugins\/zotpress\/\/images\/loading_default.gif\" alt=\"thinking\" \/><div class=\"zpSearchResultsContainer\"><\/div><div class=\"zpSearchResultsPagingContainer\"><div class=\"zpSearchResultsPagingContainerInner\"><div class=\"zpSearchResultsPagingCrop\"><div class=\"zpSearchResultsPaging\"><\/div><\/div><\/div><\/div><\/div><!-- .zp-List -->\n<\/div><!-- .zp-Browse -->\n\n\n<\/div><div class=\"fusion-clearfix\"><\/div><\/div><\/div><\/div><\/div><\/p>\n","protected":false},"excerpt":{"rendered":"","protected":false},"author":1,"featured_media":0,"parent":0,"menu_order":0,"comment_status":"closed","ping_status":"open","template":"","meta":{"inline_featured_image":false},"yoast_head":"<!-- This site is optimized with the Yoast SEO plugin v19.7.1 - https:\/\/yoast.com\/wordpress\/plugins\/seo\/ -->\n<title>\u00f6ibf - Austrian Institute for Vocational Training Research - Results<\/title>\n<meta name=\"description\" content=\"Results of the \u00f6ibf. Here you will find the central research results of \u00f6ibf. Discover numerous reports, presentations and publications.\" \/>\n<meta name=\"robots\" content=\"index, follow, max-snippet:-1, max-image-preview:large, max-video-preview:-1\" \/>\n<link rel=\"canonical\" href=\"https:\/\/oeibf.at\/en\/search\/\" \/>\n<meta property=\"og:locale\" content=\"en_US\" \/>\n<meta property=\"og:type\" content=\"article\" \/>\n<meta property=\"og:title\" content=\"\u00f6ibf - Austrian Institute for Vocational Training Research - Results\" \/>\n<meta property=\"og:description\" content=\"Results of the \u00f6ibf. Here you will find the central research results of \u00f6ibf. Discover numerous reports, presentations and publications.\" \/>\n<meta property=\"og:url\" content=\"https:\/\/oeibf.at\/en\/search\/\" \/>\n<meta property=\"og:site_name\" content=\"\u00f6ibf\" \/>\n<meta property=\"article:modified_time\" content=\"2022-10-03T15:35:02+00:00\" \/>\n<meta name=\"twitter:card\" content=\"summary_large_image\" \/>\n<meta name=\"twitter:label1\" content=\"Est. reading time\" \/>\n\t<meta name=\"twitter:data1\" content=\"3 minutes\" \/>\n<script type=\"application\/ld+json\" class=\"yoast-schema-graph\">{\"@context\":\"https:\/\/schema.org\",\"@graph\":[{\"@type\":\"WebPage\",\"@id\":\"https:\/\/oeibf.at\/en\/search\/\",\"url\":\"https:\/\/oeibf.at\/en\/search\/\",\"name\":\"\u00f6ibf - Austrian Institute for Vocational Training Research - Results\",\"isPartOf\":{\"@id\":\"https:\/\/oeibf.at\/#website\"},\"datePublished\":\"2022-10-03T14:36:55+00:00\",\"dateModified\":\"2022-10-03T15:35:02+00:00\",\"description\":\"Results of the \u00f6ibf. Here you will find the central research results of \u00f6ibf. Discover numerous reports, presentations and publications.\",\"breadcrumb\":{\"@id\":\"https:\/\/oeibf.at\/en\/search\/#breadcrumb\"},\"inLanguage\":\"en-US\",\"potentialAction\":[{\"@type\":\"ReadAction\",\"target\":[\"https:\/\/oeibf.at\/en\/search\/\"]}]},{\"@type\":\"BreadcrumbList\",\"@id\":\"https:\/\/oeibf.at\/en\/search\/#breadcrumb\",\"itemListElement\":[{\"@type\":\"ListItem\",\"position\":1,\"name\":\"Startseite\",\"item\":\"https:\/\/oeibf.at\/en\/\"},{\"@type\":\"ListItem\",\"position\":2,\"name\":\"Search for \u00f6ibf publications\"}]},{\"@type\":\"WebSite\",\"@id\":\"https:\/\/oeibf.at\/#website\",\"url\":\"https:\/\/oeibf.at\/\",\"name\":\"\u00f6ibf\",\"description\":\"\u00d6sterreichisches Institut f\u00fcr Berufsbildungsforschung\",\"potentialAction\":[{\"@type\":\"SearchAction\",\"target\":{\"@type\":\"EntryPoint\",\"urlTemplate\":\"https:\/\/oeibf.at\/?s={search_term_string}\"},\"query-input\":\"required name=search_term_string\"}],\"inLanguage\":\"en-US\"}]}<\/script>\n<!-- \/ Yoast SEO plugin. -->","yoast_head_json":{"title":"\u00f6ibf - Austrian Institute for Vocational Training Research - Results","description":"Results of the \u00f6ibf. Here you will find the central research results of \u00f6ibf. Discover numerous reports, presentations and publications.","robots":{"index":"index","follow":"follow","max-snippet":"max-snippet:-1","max-image-preview":"max-image-preview:large","max-video-preview":"max-video-preview:-1"},"canonical":"https:\/\/oeibf.at\/en\/search\/","og_locale":"en_US","og_type":"article","og_title":"\u00f6ibf - Austrian Institute for Vocational Training Research - Results","og_description":"Results of the \u00f6ibf. Here you will find the central research results of \u00f6ibf. Discover numerous reports, presentations and publications.","og_url":"https:\/\/oeibf.at\/en\/search\/","og_site_name":"\u00f6ibf","article_modified_time":"2022-10-03T15:35:02+00:00","twitter_card":"summary_large_image","twitter_misc":{"Est. reading time":"3 minutes"},"schema":{"@context":"https:\/\/schema.org","@graph":[{"@type":"WebPage","@id":"https:\/\/oeibf.at\/en\/search\/","url":"https:\/\/oeibf.at\/en\/search\/","name":"\u00f6ibf - Austrian Institute for Vocational Training Research - Results","isPartOf":{"@id":"https:\/\/oeibf.at\/#website"},"datePublished":"2022-10-03T14:36:55+00:00","dateModified":"2022-10-03T15:35:02+00:00","description":"Results of the \u00f6ibf. Here you will find the central research results of \u00f6ibf. Discover numerous reports, presentations and publications.","breadcrumb":{"@id":"https:\/\/oeibf.at\/en\/search\/#breadcrumb"},"inLanguage":"en-US","potentialAction":[{"@type":"ReadAction","target":["https:\/\/oeibf.at\/en\/search\/"]}]},{"@type":"BreadcrumbList","@id":"https:\/\/oeibf.at\/en\/search\/#breadcrumb","itemListElement":[{"@type":"ListItem","position":1,"name":"Startseite","item":"https:\/\/oeibf.at\/en\/"},{"@type":"ListItem","position":2,"name":"Search for \u00f6ibf publications"}]},{"@type":"WebSite","@id":"https:\/\/oeibf.at\/#website","url":"https:\/\/oeibf.at\/","name":"\u00f6ibf","description":"\u00d6sterreichisches Institut f\u00fcr Berufsbildungsforschung","potentialAction":[{"@type":"SearchAction","target":{"@type":"EntryPoint","urlTemplate":"https:\/\/oeibf.at\/?s={search_term_string}"},"query-input":"required name=search_term_string"}],"inLanguage":"en-US"}]}},"_links":{"self":[{"href":"https:\/\/oeibf.at\/en\/wp-json\/wp\/v2\/pages\/2418"}],"collection":[{"href":"https:\/\/oeibf.at\/en\/wp-json\/wp\/v2\/pages"}],"about":[{"href":"https:\/\/oeibf.at\/en\/wp-json\/wp\/v2\/types\/page"}],"author":[{"embeddable":true,"href":"https:\/\/oeibf.at\/en\/wp-json\/wp\/v2\/users\/1"}],"replies":[{"embeddable":true,"href":"https:\/\/oeibf.at\/en\/wp-json\/wp\/v2\/comments?post=2418"}],"version-history":[{"count":7,"href":"https:\/\/oeibf.at\/en\/wp-json\/wp\/v2\/pages\/2418\/revisions"}],"predecessor-version":[{"id":2431,"href":"https:\/\/oeibf.at\/en\/wp-json\/wp\/v2\/pages\/2418\/revisions\/2431"}],"wp:attachment":[{"href":"https:\/\/oeibf.at\/en\/wp-json\/wp\/v2\/media?parent=2418"}],"curies":[{"name":"wp","href":"https:\/\/api.w.org\/{rel}","templated":true}]}}