{"id":915,"date":"2019-10-11T15:40:07","date_gmt":"2019-10-11T13:40:07","guid":{"rendered":"http:\/\/www.oeibf.at\/?page_id=915"},"modified":"2019-10-29T14:02:34","modified_gmt":"2019-10-29T13:02:34","slug":"educational-consulting-professionalization","status":"publish","type":"page","link":"https:\/\/oeibf.at\/en\/educational-consulting-professionalization\/","title":{"rendered":"Educational consulting &#038; professionalization"},"content":{"rendered":"<p><div class=\"fusion-fullwidth fullwidth-box fusion-builder-row-1 nonhundred-percent-fullwidth non-hundred-percent-height-scrolling fusion-equal-height-columns\" style=\"background-color: #ffffff;background-position: center center;background-repeat: no-repeat;padding-top:0px;padding-right:0px;padding-bottom:0px;padding-left:0px;margin-bottom: 0px;margin-top: 0px;border-width: 0px 0px 0px 0px;border-color:rgba(234,233,233,0);border-style:solid;\" ><div class=\"fusion-builder-row fusion-row\"><div class=\"fusion-layout-column fusion_builder_column fusion-builder-column-0 fusion_builder_column_1_1 1_1 fusion-one-full fusion-column-first fusion-column-last\" style=\"margin-top:0px;margin-bottom:0px;\"><div class=\"fusion-column-wrapper fusion-flex-column-wrapper-legacy\" style=\"background-position:left top;background-repeat:no-repeat;-webkit-background-size:cover;-moz-background-size:cover;-o-background-size:cover;background-size:cover;padding: 45px 0px 0px 0px;\"><div class=\"fusion-column-content-centered\"><div class=\"fusion-column-content\"><style type=\"text\/css\"><\/style><div class=\"fusion-title title fusion-title-1 fusion-sep-none fusion-title-text fusion-title-size-one\" style=\"margin-top:0px;margin-right:0px;margin-bottom:31px;margin-left:0px;\"><h1 class=\"title-heading-left\" style=\"margin:0;\"><p style=\"text-align: center;\">EDUCATIONAL CONSULTING &amp; PROFESSIONALIZATION<\/p><\/h1><\/div>\n<div class=\"fusion-slider-revolution rev_slider_wrapper\">\t\t\t<!-- START Zitate Arbeitsfelder einzeln 2 ENGLISCH: Beratung REVOLUTION SLIDER 6.5.31 --><p class=\"rs-p-wp-fix\"><\/p>\n\t\t\t<rs-module-wrap id=\"rev_slider_22_1_wrapper\" data-source=\"gallery\" style=\"visibility:hidden;background:transparent;padding:0;margin:0px auto;margin-top:0;margin-bottom:0;\">\n\t\t\t\t<rs-module id=\"rev_slider_22_1\" style=\"\" data-version=\"6.5.31\">\n\t\t\t\t\t<rs-slides>\n\t\t\t\t\t\t<rs-slide style=\"position: absolute;\" data-key=\"rs-55\" data-title=\"5 MOLLENHAUER\" data-duration=\"16000ms\" data-in=\"x:100%;\">\n\t\t\t\t\t\t\t<img src=\"\/\/oeibf.at\/wp-content\/plugins\/revslider\/public\/assets\/assets\/dummy.png\" alt=\"5 MOLLENHAUER\" title=\"Educational consulting &#038; professionalization\" class=\"rev-slidebg tp-rs-img rs-lazyload\" data-lazyload=\"\/\/oeibf.at\/wp-content\/plugins\/revslider\/public\/assets\/assets\/transparent.png\" data-no-retina>\n<!--\n\t\t\t\t\t\t\t--><rs-layer\n\t\t\t\t\t\t\t\tid=\"slider-22-slide-55-layer-12\" \n\t\t\t\t\t\t\t\tclass=\"revolution-oibf-font-class\"\n\t\t\t\t\t\t\t\tdata-type=\"text\"\n\t\t\t\t\t\t\t\tdata-color=\"#d87c13\"\n\t\t\t\t\t\t\t\tdata-rsp_ch=\"on\"\n\t\t\t\t\t\t\t\tdata-xy=\"x:c;xo:-15px,143px,103px,40px;y:m;yo:44px,40px,34px,76px;\"\n\t\t\t\t\t\t\t\tdata-text=\"w:normal;s:20,20,18,18;l:25,20,18,18;a:right;\"\n\t\t\t\t\t\t\t\tdata-dim=\"w:749px,399px,303px,276px;\"\n\t\t\t\t\t\t\t\tdata-frame_0=\"x:right;\"\n\t\t\t\t\t\t\t\tdata-frame_1=\"st:12000;sp:2900;sR:12000;\"\n\t\t\t\t\t\t\t\tdata-frame_999=\"o:0;st:w;sR:1100;\"\n\t\t\t\t\t\t\t\tstyle=\"z-index:5;font-family:'Arial', 'Helvetica', 'sans-serif';font-style:italic;\"\n\t\t\t\t\t\t\t>KLAUS MOLLENHAUER, 1965 \n\t\t\t\t\t\t\t<\/rs-layer><!--\n\n\t\t\t\t\t\t\t--><rs-layer\n\t\t\t\t\t\t\t\tid=\"slider-22-slide-55-layer-28\" \n\t\t\t\t\t\t\t\tclass=\"revolution-oibf-font-class\"\n\t\t\t\t\t\t\t\tdata-type=\"text\"\n\t\t\t\t\t\t\t\tdata-color=\"#000000\"\n\t\t\t\t\t\t\t\tdata-rsp_ch=\"on\"\n\t\t\t\t\t\t\t\tdata-xy=\"x:c;xo:-2px,0,0,0;y:m;yo:-25px,-23px,-39px,-10px;\"\n\t\t\t\t\t\t\t\tdata-text=\"w:normal;s:20,19,19,18;l:25,21,22,21;a:center;\"\n\t\t\t\t\t\t\t\tdata-dim=\"w:749px,690px,524px,373px;\"\n\t\t\t\t\t\t\t\tdata-frame_0=\"x:left;\"\n\t\t\t\t\t\t\t\tdata-frame_1=\"st:2400;sp:3200;sR:2400;\"\n\t\t\t\t\t\t\t\tdata-frame_999=\"o:0;st:w;sR:10400;\"\n\t\t\t\t\t\t\t\tstyle=\"z-index:9;font-family:'Arial', 'Helvetica', 'sans-serif';font-style:italic;\"\n\t\t\t\t\t\t\t>Die entscheidende Funktion der Beratung liegt darin, dass sie kritische Aufkl\u00e4rung sein kann. Das Gespr\u00e4ch schafft Distanz, es erm\u00f6glicht ein rationales Verhalten zu sich selbst und zu den Bedingungen der eigenen Existenz. \n\t\t\t\t\t\t\t<\/rs-layer><!--\n\n\t\t\t\t\t\t\t--><rs-layer\n\t\t\t\t\t\t\t\tid=\"slider-22-slide-55-layer-29\" \n\t\t\t\t\t\t\t\tclass=\"revolution-oibf-font-class\"\n\t\t\t\t\t\t\t\tdata-type=\"text\"\n\t\t\t\t\t\t\t\tdata-color=\"#d87c13\"\n\t\t\t\t\t\t\t\tdata-rsp_ch=\"on\"\n\t\t\t\t\t\t\t\tdata-xy=\"x:c;xo:-55px,-199px,-161px,-134px;y:m;yo:-51px,-43px,-73px,-57px;\"\n\t\t\t\t\t\t\t\tdata-text=\"w:normal;s:90,90,80,65;l:19,10,7,7;\"\n\t\t\t\t\t\t\t\tdata-dim=\"w:749px,399px,303px,186px;\"\n\t\t\t\t\t\t\t\tdata-frame_0=\"x:right;\"\n\t\t\t\t\t\t\t\tdata-frame_1=\"sp:2400;\"\n\t\t\t\t\t\t\t\tdata-frame_999=\"o:0;st:w;sR:13600;\"\n\t\t\t\t\t\t\t\tstyle=\"z-index:8;font-family:'Arial', 'Helvetica', 'sans-serif';font-style:italic;\"\n\t\t\t\t\t\t\t>\" \n\t\t\t\t\t\t\t<\/rs-layer><!--\n-->\t\t\t\t\t\t<\/rs-slide>\n\t\t\t\t\t\t<rs-slide style=\"position: absolute;\" data-key=\"rs-56\" data-title=\"6 GIESEKE\" data-duration=\"16000ms\" data-in=\"x:100%;\">\n\t\t\t\t\t\t\t<img src=\"\/\/oeibf.at\/wp-content\/plugins\/revslider\/public\/assets\/assets\/dummy.png\" alt=\"6 GIESEKE\" title=\"Educational consulting &#038; professionalization\" class=\"rev-slidebg tp-rs-img rs-lazyload\" data-lazyload=\"\/\/oeibf.at\/wp-content\/plugins\/revslider\/public\/assets\/assets\/transparent.png\" data-no-retina>\n<!--\n\t\t\t\t\t\t\t--><rs-layer\n\t\t\t\t\t\t\t\tid=\"slider-22-slide-56-layer-12\" \n\t\t\t\t\t\t\t\tclass=\"revolution-oibf-font-class\"\n\t\t\t\t\t\t\t\tdata-type=\"text\"\n\t\t\t\t\t\t\t\tdata-color=\"#d87c13\"\n\t\t\t\t\t\t\t\tdata-rsp_ch=\"on\"\n\t\t\t\t\t\t\t\tdata-xy=\"x:c;xo:-14px,123px,119px,53px;y:m;yo:60px,47px,72px,88px;\"\n\t\t\t\t\t\t\t\tdata-text=\"w:normal;s:20,20,18,18;l:25,20,18,18;a:right;\"\n\t\t\t\t\t\t\t\tdata-dim=\"w:749px,399px,303px,276px;\"\n\t\t\t\t\t\t\t\tdata-frame_0=\"x:left;\"\n\t\t\t\t\t\t\t\tdata-frame_1=\"st:12010;sp:2900;sR:12010;\"\n\t\t\t\t\t\t\t\tdata-frame_999=\"o:0;st:w;sR:1090;\"\n\t\t\t\t\t\t\t\tstyle=\"z-index:10;font-family:'Arial', 'Helvetica', 'sans-serif';font-style:italic;\"\n\t\t\t\t\t\t\t>WILTRUD GIESEKE, 2016 \n\t\t\t\t\t\t\t<\/rs-layer><!--\n\n\t\t\t\t\t\t\t--><rs-layer\n\t\t\t\t\t\t\t\tid=\"slider-22-slide-56-layer-28\" \n\t\t\t\t\t\t\t\tclass=\"revolution-oibf-font-class\"\n\t\t\t\t\t\t\t\tdata-type=\"text\"\n\t\t\t\t\t\t\t\tdata-color=\"#000000\"\n\t\t\t\t\t\t\t\tdata-rsp_ch=\"on\"\n\t\t\t\t\t\t\t\tdata-xy=\"x:c;xo:0,0,0,-5px;y:m;yo:-21px,-28px,-16px,-15px;\"\n\t\t\t\t\t\t\t\tdata-text=\"w:normal;s:20,19,19,18;l:25,21,22,21;a:center;\"\n\t\t\t\t\t\t\t\tdata-dim=\"w:749px,654px,553px,397px;\"\n\t\t\t\t\t\t\t\tdata-frame_0=\"x:right;\"\n\t\t\t\t\t\t\t\tdata-frame_1=\"st:2400;sp:3200;sR:2400;\"\n\t\t\t\t\t\t\t\tdata-frame_999=\"o:0;st:w;sR:10400;\"\n\t\t\t\t\t\t\t\tstyle=\"z-index:9;font-family:'Arial', 'Helvetica', 'sans-serif';font-style:italic;\"\n\t\t\t\t\t\t\t>Jede politische, \u00f6konomische oder religi\u00f6se Entwicklung, die sich nicht daran h\u00e4lt, der individuellen Entwicklung eine empanzipative Offenheit zu erm\u00f6glichen, tendiert zur Instrumentalisierung des Menschen. Gerade ein professionalles Beratungshandeln kann sich damit nicht gemein machen. \n\t\t\t\t\t\t\t<\/rs-layer><!--\n\n\t\t\t\t\t\t\t--><rs-layer\n\t\t\t\t\t\t\t\tid=\"slider-22-slide-56-layer-29\" \n\t\t\t\t\t\t\t\tclass=\"revolution-oibf-font-class\"\n\t\t\t\t\t\t\t\tdata-type=\"text\"\n\t\t\t\t\t\t\t\tdata-color=\"#d87c13\"\n\t\t\t\t\t\t\t\tdata-rsp_ch=\"on\"\n\t\t\t\t\t\t\t\tdata-xy=\"x:c;xo:-42px,-182px,-169px,-130px;y:m;yo:-57px,-59px,-62px,-78px;\"\n\t\t\t\t\t\t\t\tdata-text=\"w:normal;s:90,90,80,65;l:19,10,7,7;\"\n\t\t\t\t\t\t\t\tdata-dim=\"w:749px,399px,303px,186px;\"\n\t\t\t\t\t\t\t\tdata-frame_0=\"x:right;\"\n\t\t\t\t\t\t\t\tdata-frame_1=\"sp:2400;\"\n\t\t\t\t\t\t\t\tdata-frame_999=\"o:0;st:w;sR:13600;\"\n\t\t\t\t\t\t\t\tstyle=\"z-index:8;font-family:'Arial', 'Helvetica', 'sans-serif';font-style:italic;\"\n\t\t\t\t\t\t\t>\" \n\t\t\t\t\t\t\t<\/rs-layer><!--\n-->\t\t\t\t\t\t<\/rs-slide>\n\t\t\t\t\t<\/rs-slides>\n\t\t\t\t\t<rs-static-layers><!--\n\t\t\t\t\t--><\/rs-static-layers>\n\t\t\t\t<\/rs-module>\n\t\t\t\t<script>\n\t\t\t\t\tsetREVStartSize({c: 'rev_slider_22_1',rl:[1240,1024,768,480],el:[300,320,320,250],gw:[1920,1024,778,480],gh:[300,320,320,250],type:'standard',justify:'',layout:'fullwidth',mh:\"0\"});if (window.RS_MODULES!==undefined && window.RS_MODULES.modules!==undefined && window.RS_MODULES.modules[\"revslider221\"]!==undefined) {window.RS_MODULES.modules[\"revslider221\"].once = false;window.revapi22 = undefined;if (window.RS_MODULES.checkMinimal!==undefined) window.RS_MODULES.checkMinimal()}\n\t\t\t\t<\/script>\n\t\t\t<\/rs-module-wrap>\n\t\t\t<!-- END REVOLUTION SLIDER -->\n<\/div><\/div><\/div><div class=\"fusion-clearfix\"><\/div><\/div><\/div><\/div><\/div><div class=\"fusion-fullwidth fullwidth-box fusion-builder-row-2 container-arbeitsfelder-boxen-class nonhundred-percent-fullwidth non-hundred-percent-height-scrolling fusion-equal-height-columns\" style=\"background-color: #ffffff;background-position: center center;background-repeat: no-repeat;padding-top:0px;padding-right:0px;padding-bottom:0px;padding-left:0px;margin-bottom: 90px;margin-top: 0px;border-width: 0px 0px 0px 0px;border-color:rgba(234,233,233,0);border-style:solid;\" ><div class=\"fusion-builder-row fusion-row\"><div class=\"fusion-layout-column fusion_builder_column fusion-builder-column-1 fusion_builder_column_1_4 1_4 fusion-one-fourth fusion-column-first\" style=\"width:25%;width:calc(25% - ( ( 4% + 1% ) * 0.25 ) );margin-right: 4%;margin-top:0px;margin-bottom:0px;\"><div class=\"fusion-column-wrapper fusion-flex-column-wrapper-legacy\" style=\"background-position:left top;background-repeat:no-repeat;-webkit-background-size:cover;-moz-background-size:cover;-o-background-size:cover;background-size:cover;padding: 0px 0px 0px 0px;\"><div class=\"fusion-clearfix\"><\/div><\/div><\/div><div class=\"fusion-layout-column fusion_builder_column fusion-builder-column-2 fusion_builder_column_1_2 1_2 fusion-one-half\" style=\"width:50%;width:calc(50% - ( ( 4% + 1% ) * 0.5 ) );margin-right: 1%;margin-top:0px;margin-bottom:20px;\"><div class=\"fusion-column-wrapper fusion-flex-column-wrapper-legacy\" style=\"background-position:left top;background-repeat:no-repeat;-webkit-background-size:cover;-moz-background-size:cover;-o-background-size:cover;background-size:cover;border-radius:1px 1px 1px 1px;border:1px solid #d87c13;border-radius:1px 1px 1px 1px;overflow:hidden;padding: 0px 0px 0px 0px;\"><div class=\"fusion-fa-align-center\"><i class=\"fb-icon-element-1 fb-icon-element fontawesome-icon fa-book-open fas circle-yes\" style=\"font-size:30.8px;line-height:59.6px;height:61.6px;width:61.6px;border-width:1px;border-radius:50% 50% 50% 50%;margin-top:25px;margin-bottom:25px;\"><\/i><\/div><style>i.fb-icon-element.fontawesome-icon.fb-icon-element-1{ color: #d87c13; background-color: #ffffff; border-color: #d87c13;}i.fb-icon-element.fontawesome-icon.fb-icon-element-1:hover { color: #d87c13; background-color: #ffffff; border-color: #d87c13;}<\/style><div class=\"fusion-builder-row fusion-builder-row-inner fusion-row\"><div class=\"fusion-layout-column fusion_builder_column_inner fusion-builder-nested-column-0 fusion_builder_column_inner_1_1 1_1 fusion-one-full fusion-column-first fusion-column-last\" style=\"margin-top:0px;margin-bottom:50px;\"><div class=\"fusion-column-wrapper fusion-flex-column-wrapper-legacy\" style=\"background-position:left top;background-repeat:no-repeat;-webkit-background-size:cover;-moz-background-size:cover;-o-background-size:cover;background-size:cover;padding: 0px 30px 0px 30px;\"><div class=\"fusion-column-content-centered\"><div class=\"fusion-column-content\"><div class=\"fusion-text fusion-text-1\"><p style=\"text-align: center;\">The crucial function of counseling is that it can be critical education. In this field of work, \u00f6ibf undertakes various tasks within the Initiative Bildungsberatung \u00d6sterreich and participates in innovative development projects such as the pilot project &#8220;Bildungsberatungs-Radar&#8221; as well as in the accompanying professionalization and career orientation.<\/p>\n<\/div><\/div><\/div><div class=\"fusion-clearfix\"><\/div><\/div><\/div><\/div><div class=\"fusion-clearfix\"><\/div><\/div><\/div><div class=\"fusion-layout-column fusion_builder_column fusion-builder-column-3 fusion_builder_column_1_4 1_4 fusion-one-fourth fusion-column-last\" style=\"width:25%;width:calc(25% - ( ( 4% + 1% ) * 0.25 ) );margin-top:0px;margin-bottom:0px;\"><div class=\"fusion-column-wrapper fusion-flex-column-wrapper-legacy\" style=\"background-position:left top;background-repeat:no-repeat;-webkit-background-size:cover;-moz-background-size:cover;-o-background-size:cover;background-size:cover;padding: 0px 0px 0px 0px;\"><div class=\"fusion-clearfix\"><\/div><\/div><\/div><\/div><\/div><\/p>\n","protected":false},"excerpt":{"rendered":"","protected":false},"author":1,"featured_media":0,"parent":0,"menu_order":0,"comment_status":"closed","ping_status":"open","template":"","meta":{"inline_featured_image":false},"yoast_head":"<!-- This site is optimized with the Yoast SEO plugin v19.7.1 - https:\/\/yoast.com\/wordpress\/plugins\/seo\/ -->\n<title>\u00f6ibf - Field of work - educational consulting &amp; professionalization<\/title>\n<meta name=\"description\" content=\"The \u00f6ibf undertakes various tasks in the field of educational counseling &amp; professionalization within the initiative &quot;Bildungsberatung \u00d6sterreich&quot;.\" \/>\n<meta name=\"robots\" content=\"index, follow, max-snippet:-1, max-image-preview:large, max-video-preview:-1\" \/>\n<link rel=\"canonical\" href=\"https:\/\/oeibf.at\/en\/educational-consulting-professionalization\/\" \/>\n<meta property=\"og:locale\" content=\"en_US\" \/>\n<meta property=\"og:type\" content=\"article\" \/>\n<meta property=\"og:title\" content=\"\u00f6ibf - Field of work - educational consulting &amp; professionalization\" \/>\n<meta property=\"og:description\" content=\"The \u00f6ibf undertakes various tasks in the field of educational counseling &amp; professionalization within the initiative &quot;Bildungsberatung \u00d6sterreich&quot;.\" \/>\n<meta property=\"og:url\" content=\"https:\/\/oeibf.at\/en\/educational-consulting-professionalization\/\" \/>\n<meta property=\"og:site_name\" content=\"\u00f6ibf\" \/>\n<meta property=\"article:modified_time\" content=\"2019-10-29T13:02:34+00:00\" \/>\n<meta name=\"twitter:card\" content=\"summary_large_image\" \/>\n<meta name=\"twitter:label1\" content=\"Est. reading time\" \/>\n\t<meta name=\"twitter:data1\" content=\"5 minutes\" \/>\n<script type=\"application\/ld+json\" class=\"yoast-schema-graph\">{\"@context\":\"https:\/\/schema.org\",\"@graph\":[{\"@type\":\"WebPage\",\"@id\":\"https:\/\/oeibf.at\/en\/educational-consulting-professionalization\/\",\"url\":\"https:\/\/oeibf.at\/en\/educational-consulting-professionalization\/\",\"name\":\"\u00f6ibf - Field of work - educational consulting & professionalization\",\"isPartOf\":{\"@id\":\"https:\/\/oeibf.at\/#website\"},\"datePublished\":\"2019-10-11T13:40:07+00:00\",\"dateModified\":\"2019-10-29T13:02:34+00:00\",\"description\":\"The \u00f6ibf undertakes various tasks in the field of educational counseling & professionalization within the initiative \\\"Bildungsberatung \u00d6sterreich\\\".\",\"breadcrumb\":{\"@id\":\"https:\/\/oeibf.at\/en\/educational-consulting-professionalization\/#breadcrumb\"},\"inLanguage\":\"en-US\",\"potentialAction\":[{\"@type\":\"ReadAction\",\"target\":[\"https:\/\/oeibf.at\/en\/educational-consulting-professionalization\/\"]}]},{\"@type\":\"BreadcrumbList\",\"@id\":\"https:\/\/oeibf.at\/en\/educational-consulting-professionalization\/#breadcrumb\",\"itemListElement\":[{\"@type\":\"ListItem\",\"position\":1,\"name\":\"Startseite\",\"item\":\"https:\/\/oeibf.at\/en\/\"},{\"@type\":\"ListItem\",\"position\":2,\"name\":\"Educational consulting &#038; professionalization\"}]},{\"@type\":\"WebSite\",\"@id\":\"https:\/\/oeibf.at\/#website\",\"url\":\"https:\/\/oeibf.at\/\",\"name\":\"\u00f6ibf\",\"description\":\"\u00d6sterreichisches Institut f\u00fcr Berufsbildungsforschung\",\"potentialAction\":[{\"@type\":\"SearchAction\",\"target\":{\"@type\":\"EntryPoint\",\"urlTemplate\":\"https:\/\/oeibf.at\/?s={search_term_string}\"},\"query-input\":\"required name=search_term_string\"}],\"inLanguage\":\"en-US\"}]}<\/script>\n<!-- \/ Yoast SEO plugin. -->","yoast_head_json":{"title":"\u00f6ibf - Field of work - educational consulting & professionalization","description":"The \u00f6ibf undertakes various tasks in the field of educational counseling & professionalization within the initiative \"Bildungsberatung \u00d6sterreich\".","robots":{"index":"index","follow":"follow","max-snippet":"max-snippet:-1","max-image-preview":"max-image-preview:large","max-video-preview":"max-video-preview:-1"},"canonical":"https:\/\/oeibf.at\/en\/educational-consulting-professionalization\/","og_locale":"en_US","og_type":"article","og_title":"\u00f6ibf - Field of work - educational consulting & professionalization","og_description":"The \u00f6ibf undertakes various tasks in the field of educational counseling & professionalization within the initiative \"Bildungsberatung \u00d6sterreich\".","og_url":"https:\/\/oeibf.at\/en\/educational-consulting-professionalization\/","og_site_name":"\u00f6ibf","article_modified_time":"2019-10-29T13:02:34+00:00","twitter_card":"summary_large_image","twitter_misc":{"Est. reading time":"5 minutes"},"schema":{"@context":"https:\/\/schema.org","@graph":[{"@type":"WebPage","@id":"https:\/\/oeibf.at\/en\/educational-consulting-professionalization\/","url":"https:\/\/oeibf.at\/en\/educational-consulting-professionalization\/","name":"\u00f6ibf - Field of work - educational consulting & professionalization","isPartOf":{"@id":"https:\/\/oeibf.at\/#website"},"datePublished":"2019-10-11T13:40:07+00:00","dateModified":"2019-10-29T13:02:34+00:00","description":"The \u00f6ibf undertakes various tasks in the field of educational counseling & professionalization within the initiative \"Bildungsberatung \u00d6sterreich\".","breadcrumb":{"@id":"https:\/\/oeibf.at\/en\/educational-consulting-professionalization\/#breadcrumb"},"inLanguage":"en-US","potentialAction":[{"@type":"ReadAction","target":["https:\/\/oeibf.at\/en\/educational-consulting-professionalization\/"]}]},{"@type":"BreadcrumbList","@id":"https:\/\/oeibf.at\/en\/educational-consulting-professionalization\/#breadcrumb","itemListElement":[{"@type":"ListItem","position":1,"name":"Startseite","item":"https:\/\/oeibf.at\/en\/"},{"@type":"ListItem","position":2,"name":"Educational consulting &#038; professionalization"}]},{"@type":"WebSite","@id":"https:\/\/oeibf.at\/#website","url":"https:\/\/oeibf.at\/","name":"\u00f6ibf","description":"\u00d6sterreichisches Institut f\u00fcr Berufsbildungsforschung","potentialAction":[{"@type":"SearchAction","target":{"@type":"EntryPoint","urlTemplate":"https:\/\/oeibf.at\/?s={search_term_string}"},"query-input":"required name=search_term_string"}],"inLanguage":"en-US"}]}},"_links":{"self":[{"href":"https:\/\/oeibf.at\/en\/wp-json\/wp\/v2\/pages\/915"}],"collection":[{"href":"https:\/\/oeibf.at\/en\/wp-json\/wp\/v2\/pages"}],"about":[{"href":"https:\/\/oeibf.at\/en\/wp-json\/wp\/v2\/types\/page"}],"author":[{"embeddable":true,"href":"https:\/\/oeibf.at\/en\/wp-json\/wp\/v2\/users\/1"}],"replies":[{"embeddable":true,"href":"https:\/\/oeibf.at\/en\/wp-json\/wp\/v2\/comments?post=915"}],"version-history":[{"count":11,"href":"https:\/\/oeibf.at\/en\/wp-json\/wp\/v2\/pages\/915\/revisions"}],"predecessor-version":[{"id":1336,"href":"https:\/\/oeibf.at\/en\/wp-json\/wp\/v2\/pages\/915\/revisions\/1336"}],"wp:attachment":[{"href":"https:\/\/oeibf.at\/en\/wp-json\/wp\/v2\/media?parent=915"}],"curies":[{"name":"wp","href":"https:\/\/api.w.org\/{rel}","templated":true}]}}