{"id":935,"date":"2019-10-11T15:43:30","date_gmt":"2019-10-11T13:43:30","guid":{"rendered":"http:\/\/www.oeibf.at\/?page_id=935"},"modified":"2019-10-29T13:15:43","modified_gmt":"2019-10-29T12:15:43","slug":"profession-education","status":"publish","type":"page","link":"https:\/\/oeibf.at\/en\/profession-education\/","title":{"rendered":"Profession &#038; Education"},"content":{"rendered":"<p><div class=\"fusion-fullwidth fullwidth-box fusion-builder-row-1 nonhundred-percent-fullwidth non-hundred-percent-height-scrolling fusion-equal-height-columns\" style=\"background-color: #ffffff;background-position: center center;background-repeat: no-repeat;padding-top:0px;padding-right:0px;padding-bottom:0px;padding-left:0px;margin-bottom: 0px;margin-top: 0px;border-width: 0px 0px 0px 0px;border-color:rgba(234,233,233,0);border-style:solid;\" ><div class=\"fusion-builder-row fusion-row\"><div class=\"fusion-layout-column fusion_builder_column fusion-builder-column-0 fusion_builder_column_1_1 1_1 fusion-one-full fusion-column-first fusion-column-last\" style=\"margin-top:0px;margin-bottom:0px;\"><div class=\"fusion-column-wrapper fusion-flex-column-wrapper-legacy\" style=\"background-position:left top;background-repeat:no-repeat;-webkit-background-size:cover;-moz-background-size:cover;-o-background-size:cover;background-size:cover;padding: 45px 0px 0px 0px;\"><div class=\"fusion-column-content-centered\"><div class=\"fusion-column-content\"><style type=\"text\/css\"><\/style><div class=\"fusion-title title fusion-title-1 fusion-sep-none fusion-title-text fusion-title-size-one\" style=\"margin-top:0px;margin-right:0px;margin-bottom:31px;margin-left:0px;\"><h1 class=\"title-heading-left\" style=\"margin:0;\"><p style=\"text-align: center;\">PROFESSION &amp; EDUCATION<\/p><\/h1><\/div>\n<div class=\"fusion-slider-revolution rev_slider_wrapper\">\t\t\t<!-- START Zitate Arbeitsfelder einzeln 1 ENGLISCH: Beruf REVOLUTION SLIDER 6.5.31 --><p class=\"rs-p-wp-fix\"><\/p>\n\t\t\t<rs-module-wrap id=\"rev_slider_21_1_wrapper\" data-source=\"gallery\" style=\"visibility:hidden;background:transparent;padding:0;margin:0px auto;margin-top:0;margin-bottom:0;\">\n\t\t\t\t<rs-module id=\"rev_slider_21_1\" style=\"\" data-version=\"6.5.31\">\n\t\t\t\t\t<rs-slides>\n\t\t\t\t\t\t<rs-slide style=\"position: absolute;\" data-key=\"rs-54\" data-title=\"3 GOEUDEVERT\" data-duration=\"12000ms\" data-in=\"x:100%;\">\n\t\t\t\t\t\t\t<img src=\"\/\/oeibf.at\/wp-content\/plugins\/revslider\/public\/assets\/assets\/dummy.png\" alt=\"3 GOEUDEVERT\" title=\"Profession &#038; Education\" class=\"rev-slidebg tp-rs-img rs-lazyload\" data-lazyload=\"\/\/oeibf.at\/wp-content\/plugins\/revslider\/public\/assets\/assets\/transparent.png\" data-no-retina>\n<!--\n\t\t\t\t\t\t\t--><rs-layer\n\t\t\t\t\t\t\t\tid=\"slider-21-slide-54-layer-12\" \n\t\t\t\t\t\t\t\tclass=\"revolution-oibf-font-class\"\n\t\t\t\t\t\t\t\tdata-type=\"text\"\n\t\t\t\t\t\t\t\tdata-color=\"#d87c13\"\n\t\t\t\t\t\t\t\tdata-rsp_ch=\"on\"\n\t\t\t\t\t\t\t\tdata-xy=\"x:c;xo:-137px,41px,87px,40px;y:m;yo:17px,14px,-1px,40px;\"\n\t\t\t\t\t\t\t\tdata-text=\"w:normal;s:20,20,18,18;l:25,20,18,18;a:right;\"\n\t\t\t\t\t\t\t\tdata-dim=\"w:749px,399px,303px,276px;\"\n\t\t\t\t\t\t\t\tdata-frame_0=\"x:right;\"\n\t\t\t\t\t\t\t\tdata-frame_1=\"st:7020;sp:2900;sR:7020;\"\n\t\t\t\t\t\t\t\tdata-frame_999=\"o:0;st:w;sR:2080;\"\n\t\t\t\t\t\t\t\tstyle=\"z-index:5;font-family:'Arial', 'Helvetica', 'sans-serif';font-style:italic;\"\n\t\t\t\t\t\t\t>DANIEL GOEUDEVERT, 2002 \n\t\t\t\t\t\t\t<\/rs-layer><!--\n\n\t\t\t\t\t\t\t--><rs-layer\n\t\t\t\t\t\t\t\tid=\"slider-21-slide-54-layer-28\" \n\t\t\t\t\t\t\t\tclass=\"revolution-oibf-font-class\"\n\t\t\t\t\t\t\t\tdata-type=\"text\"\n\t\t\t\t\t\t\t\tdata-color=\"#000000\"\n\t\t\t\t\t\t\t\tdata-rsp_ch=\"on\"\n\t\t\t\t\t\t\t\tdata-xy=\"x:c;xo:-2px,0,0,12px;y:m;yo:-25px,-28px,-39px,-8px;\"\n\t\t\t\t\t\t\t\tdata-text=\"w:normal;s:20,19,19,18;l:25,21,22,21;a:center;\"\n\t\t\t\t\t\t\t\tdata-dim=\"w:749px,654px,496px,355px;\"\n\t\t\t\t\t\t\t\tdata-frame_0=\"x:left;\"\n\t\t\t\t\t\t\t\tdata-frame_1=\"st:2400;sp:3200;sR:2400;\"\n\t\t\t\t\t\t\t\tdata-frame_999=\"o:0;st:w;sR:6400;\"\n\t\t\t\t\t\t\t\tstyle=\"z-index:9;font-family:'Arial', 'Helvetica', 'sans-serif';font-style:italic;\"\n\t\t\t\t\t\t\t>Ausbildung ohne Bildung f\u00fchrt zu Wissen ohne Gewissen. \n\t\t\t\t\t\t\t<\/rs-layer><!--\n\n\t\t\t\t\t\t\t--><rs-layer\n\t\t\t\t\t\t\t\tid=\"slider-21-slide-54-layer-29\" \n\t\t\t\t\t\t\t\tclass=\"revolution-oibf-font-class\"\n\t\t\t\t\t\t\t\tdata-type=\"text\"\n\t\t\t\t\t\t\t\tdata-color=\"#d87c13\"\n\t\t\t\t\t\t\t\tdata-rsp_ch=\"on\"\n\t\t\t\t\t\t\t\tdata-xy=\"x:c;xo:76px,-100px,-144px,-104px;y:m;yo:-26px,-29px,-41px,-24px;\"\n\t\t\t\t\t\t\t\tdata-text=\"w:normal;s:90,90,80,65;l:19,10,7,7;\"\n\t\t\t\t\t\t\t\tdata-dim=\"w:749px,399px,303px,186px;\"\n\t\t\t\t\t\t\t\tdata-frame_0=\"x:right;\"\n\t\t\t\t\t\t\t\tdata-frame_1=\"sp:2400;\"\n\t\t\t\t\t\t\t\tdata-frame_999=\"o:0;st:w;sR:9600;\"\n\t\t\t\t\t\t\t\tstyle=\"z-index:8;font-family:'Arial', 'Helvetica', 'sans-serif';font-style:italic;\"\n\t\t\t\t\t\t\t>\" \n\t\t\t\t\t\t\t<\/rs-layer><!--\n-->\t\t\t\t\t\t<\/rs-slide>\n\t\t\t\t\t\t<rs-slide style=\"position: absolute;\" data-key=\"rs-53\" data-title=\"4 BRUYERE\" data-duration=\"14910ms\" data-in=\"x:100%;\">\n\t\t\t\t\t\t\t<img src=\"\/\/oeibf.at\/wp-content\/plugins\/revslider\/public\/assets\/assets\/dummy.png\" alt=\"4 BRUYERE\" title=\"Profession &#038; Education\" class=\"rev-slidebg tp-rs-img rs-lazyload\" data-lazyload=\"\/\/oeibf.at\/wp-content\/plugins\/revslider\/public\/assets\/assets\/transparent.png\" data-no-retina>\n<!--\n\t\t\t\t\t\t\t--><rs-layer\n\t\t\t\t\t\t\t\tid=\"slider-21-slide-53-layer-12\" \n\t\t\t\t\t\t\t\tclass=\"revolution-oibf-font-class\"\n\t\t\t\t\t\t\t\tdata-type=\"text\"\n\t\t\t\t\t\t\t\tdata-color=\"#d87c13\"\n\t\t\t\t\t\t\t\tdata-rsp_ch=\"on\"\n\t\t\t\t\t\t\t\tdata-xy=\"x:c;xo:-29px,132px,83px,40px;y:m;yo:31px,33px,23px,70px;\"\n\t\t\t\t\t\t\t\tdata-text=\"w:normal;s:20,20,18,18;l:25,20,18,18;a:right;\"\n\t\t\t\t\t\t\t\tdata-dim=\"w:749px,399px,303px,276px;\"\n\t\t\t\t\t\t\t\tdata-frame_0=\"x:left;\"\n\t\t\t\t\t\t\t\tdata-frame_1=\"st:9000;sp:2900;sR:9000;\"\n\t\t\t\t\t\t\t\tdata-frame_999=\"o:0;st:w;sR:3010;\"\n\t\t\t\t\t\t\t\tstyle=\"z-index:5;font-family:'Arial', 'Helvetica', 'sans-serif';font-style:italic;\"\n\t\t\t\t\t\t\t>JEAN DE LA BRUYERE, 1675 \n\t\t\t\t\t\t\t<\/rs-layer><!--\n\n\t\t\t\t\t\t\t--><rs-layer\n\t\t\t\t\t\t\t\tid=\"slider-21-slide-53-layer-28\" \n\t\t\t\t\t\t\t\tclass=\"revolution-oibf-font-class\"\n\t\t\t\t\t\t\t\tdata-type=\"text\"\n\t\t\t\t\t\t\t\tdata-color=\"#000000\"\n\t\t\t\t\t\t\t\tdata-rsp_ch=\"on\"\n\t\t\t\t\t\t\t\tdata-xy=\"x:c;xo:0,-1px,0,-1px;y:m;yo:-21px,-22px,-39px,-5px;\"\n\t\t\t\t\t\t\t\tdata-text=\"w:normal;s:20,19,19,18;l:25,21,22,21;a:center;\"\n\t\t\t\t\t\t\t\tdata-dim=\"w:705px,682px,518px,355px;\"\n\t\t\t\t\t\t\t\tdata-frame_0=\"x:right;\"\n\t\t\t\t\t\t\t\tdata-frame_1=\"st:2400;sp:3200;sR:2400;\"\n\t\t\t\t\t\t\t\tdata-frame_999=\"o:0;st:w;sR:9310;\"\n\t\t\t\t\t\t\t\tstyle=\"z-index:9;font-family:'Arial', 'Helvetica', 'sans-serif';font-style:italic;\"\n\t\t\t\t\t\t\t>Manche haben in ihrer Jugend ein bestimmtes Gewerbe erlernt, um die \u00fcbrige Zeit ihres Leben ein anderes auszu\u00fcben, was mit dem ersten nichts gemein hat. \n\t\t\t\t\t\t\t<\/rs-layer><!--\n\n\t\t\t\t\t\t\t--><rs-layer\n\t\t\t\t\t\t\t\tid=\"slider-21-slide-53-layer-29\" \n\t\t\t\t\t\t\t\tclass=\"revolution-oibf-font-class\"\n\t\t\t\t\t\t\t\tdata-type=\"text\"\n\t\t\t\t\t\t\t\tdata-color=\"#d87c13\"\n\t\t\t\t\t\t\t\tdata-rsp_ch=\"on\"\n\t\t\t\t\t\t\t\tdata-xy=\"x:c;xo:-55px,-193px,-136px,-96px;y:m;yo:-41px,-31px,-63px,-39px;\"\n\t\t\t\t\t\t\t\tdata-text=\"w:normal;s:90,90,80,65;l:19,10,7,7;\"\n\t\t\t\t\t\t\t\tdata-dim=\"w:749px,399px,303px,186px;\"\n\t\t\t\t\t\t\t\tdata-frame_0=\"x:right;\"\n\t\t\t\t\t\t\t\tdata-frame_1=\"sp:2400;\"\n\t\t\t\t\t\t\t\tdata-frame_999=\"o:0;st:w;sR:12510;\"\n\t\t\t\t\t\t\t\tstyle=\"z-index:8;font-family:'Arial', 'Helvetica', 'sans-serif';font-style:italic;\"\n\t\t\t\t\t\t\t>\" \n\t\t\t\t\t\t\t<\/rs-layer><!--\n-->\t\t\t\t\t\t<\/rs-slide>\n\t\t\t\t\t<\/rs-slides>\n\t\t\t\t\t<rs-static-layers><!--\n\t\t\t\t\t--><\/rs-static-layers>\n\t\t\t\t<\/rs-module>\n\t\t\t\t<script>\n\t\t\t\t\tsetREVStartSize({c: 'rev_slider_21_1',rl:[1240,1024,768,480],el:[300,320,320,250],gw:[1920,1024,778,480],gh:[300,320,320,250],type:'standard',justify:'',layout:'fullwidth',mh:\"0\"});if (window.RS_MODULES!==undefined && window.RS_MODULES.modules!==undefined && window.RS_MODULES.modules[\"revslider211\"]!==undefined) {window.RS_MODULES.modules[\"revslider211\"].once = false;window.revapi21 = undefined;if (window.RS_MODULES.checkMinimal!==undefined) window.RS_MODULES.checkMinimal()}\n\t\t\t\t<\/script>\n\t\t\t<\/rs-module-wrap>\n\t\t\t<!-- END REVOLUTION SLIDER -->\n<\/div><\/div><\/div><div class=\"fusion-clearfix\"><\/div><\/div><\/div><\/div><\/div><div class=\"fusion-fullwidth fullwidth-box fusion-builder-row-2 container-arbeitsfelder-boxen-class nonhundred-percent-fullwidth non-hundred-percent-height-scrolling fusion-equal-height-columns\" style=\"background-color: #ffffff;background-position: center center;background-repeat: no-repeat;padding-top:0px;padding-right:0px;padding-bottom:0px;padding-left:0px;margin-bottom: 90px;margin-top: 0px;border-width: 0px 0px 0px 0px;border-color:rgba(234,233,233,0);border-style:solid;\" ><div class=\"fusion-builder-row fusion-row\"><div class=\"fusion-layout-column fusion_builder_column fusion-builder-column-1 fusion_builder_column_1_4 1_4 fusion-one-fourth fusion-column-first\" style=\"width:25%;width:calc(25% - ( ( 4% + 1% ) * 0.25 ) );margin-right: 4%;margin-top:0px;margin-bottom:0px;\"><div class=\"fusion-column-wrapper fusion-flex-column-wrapper-legacy\" style=\"background-position:left top;background-repeat:no-repeat;-webkit-background-size:cover;-moz-background-size:cover;-o-background-size:cover;background-size:cover;padding: 0px 0px 0px 0px;\"><div class=\"fusion-clearfix\"><\/div><\/div><\/div><div class=\"fusion-layout-column fusion_builder_column fusion-builder-column-2 fusion_builder_column_1_2 1_2 fusion-one-half\" style=\"width:50%;width:calc(50% - ( ( 4% + 1% ) * 0.5 ) );margin-right: 1%;margin-top:0px;margin-bottom:20px;\"><div class=\"fusion-column-wrapper fusion-flex-column-wrapper-legacy\" style=\"background-position:left top;background-repeat:no-repeat;-webkit-background-size:cover;-moz-background-size:cover;-o-background-size:cover;background-size:cover;border-radius:1px 1px 1px 1px;background-color:#d87c13;border-radius:1px 1px 1px 1px;overflow:hidden;padding: 0px 0px 0px 0px;\"><div class=\"fusion-fa-align-center\"><i class=\"fb-icon-element-1 fb-icon-element fontawesome-icon fa-briefcase fas circle-yes\" style=\"font-size:30.8px;line-height:59.6px;height:61.6px;width:61.6px;border-width:1px;border-radius:50% 50% 50% 50%;margin-top:25px;margin-bottom:25px;\"><\/i><\/div><style>i.fb-icon-element.fontawesome-icon.fb-icon-element-1{ color: #ffffff; background-color: #d87c13; border-color: #ffffff;}i.fb-icon-element.fontawesome-icon.fb-icon-element-1:hover { color: #ffffff; background-color: #d87c13; border-color: #ffffff;}<\/style><div class=\"fusion-builder-row fusion-builder-row-inner fusion-row\"><div class=\"fusion-layout-column fusion_builder_column_inner fusion-builder-nested-column-0 fusion_builder_column_inner_1_1 1_1 fusion-one-full fusion-column-first fusion-column-last\" style=\"margin-top:0px;margin-bottom:0px;\"><div class=\"fusion-column-wrapper fusion-flex-column-wrapper-legacy\" style=\"background-position:left top;background-repeat:no-repeat;-webkit-background-size:cover;-moz-background-size:cover;-o-background-size:cover;background-size:cover;padding: 0px 30px 0px 30px;\"><div class=\"fusion-column-content-centered\"><div class=\"fusion-column-content\"><div class=\"fusion-text fusion-text-1\"><p style=\"text-align: center; color: #ffffff;\">Education for work and education through work is becoming increasingly important in the wake of technological change.<\/p>\n<p style=\"text-align: center; color: #ffffff;\">The \u00f6ibf has been developing and evaluating different forms of labor market measures and vocational education over the entire life span for many years.<\/p>\n<\/div><\/div><\/div><div class=\"fusion-clearfix\"><\/div><\/div><\/div><\/div><div class=\"fusion-sep-clear\"><\/div><div class=\"fusion-separator fusion-full-width-sep\" style=\"margin-left: auto;margin-right: auto;margin-top:15px;margin-bottom:15px;width:100%;\"><\/div><div class=\"fusion-sep-clear\"><\/div><div class=\"fusion-clearfix\"><\/div><\/div><\/div><div class=\"fusion-layout-column fusion_builder_column fusion-builder-column-3 fusion_builder_column_1_4 1_4 fusion-one-fourth fusion-column-last\" style=\"width:25%;width:calc(25% - ( ( 4% + 1% ) * 0.25 ) );margin-top:0px;margin-bottom:0px;\"><div class=\"fusion-column-wrapper fusion-flex-column-wrapper-legacy\" style=\"background-position:left top;background-repeat:no-repeat;-webkit-background-size:cover;-moz-background-size:cover;-o-background-size:cover;background-size:cover;padding: 0px 0px 0px 0px;\"><div class=\"fusion-clearfix\"><\/div><\/div><\/div><\/div><\/div><\/p>\n","protected":false},"excerpt":{"rendered":"","protected":false},"author":1,"featured_media":0,"parent":0,"menu_order":0,"comment_status":"closed","ping_status":"open","template":"","meta":{"inline_featured_image":false},"yoast_head":"<!-- This site is optimized with the Yoast SEO plugin v19.7.1 - https:\/\/yoast.com\/wordpress\/plugins\/seo\/ -->\n<title>\u00f6ibf - Field of work - Profession &amp; Education<\/title>\n<meta name=\"description\" content=\"For many years, \u00f6ibf has been developing and evaluating various forms of labor market measures and vocational training in the field of work and education.\" \/>\n<meta name=\"robots\" content=\"index, follow, max-snippet:-1, max-image-preview:large, max-video-preview:-1\" \/>\n<link rel=\"canonical\" href=\"https:\/\/oeibf.at\/en\/profession-education\/\" \/>\n<meta property=\"og:locale\" content=\"en_US\" \/>\n<meta property=\"og:type\" content=\"article\" \/>\n<meta property=\"og:title\" content=\"\u00f6ibf - Field of work - Profession &amp; Education\" \/>\n<meta property=\"og:description\" content=\"For many years, \u00f6ibf has been developing and evaluating various forms of labor market measures and vocational training in the field of work and education.\" \/>\n<meta property=\"og:url\" content=\"https:\/\/oeibf.at\/en\/profession-education\/\" \/>\n<meta property=\"og:site_name\" content=\"\u00f6ibf\" \/>\n<meta property=\"article:modified_time\" content=\"2019-10-29T12:15:43+00:00\" \/>\n<meta name=\"twitter:card\" content=\"summary_large_image\" \/>\n<meta name=\"twitter:label1\" content=\"Est. reading time\" \/>\n\t<meta name=\"twitter:data1\" content=\"5 minutes\" \/>\n<script type=\"application\/ld+json\" class=\"yoast-schema-graph\">{\"@context\":\"https:\/\/schema.org\",\"@graph\":[{\"@type\":\"WebPage\",\"@id\":\"https:\/\/oeibf.at\/en\/profession-education\/\",\"url\":\"https:\/\/oeibf.at\/en\/profession-education\/\",\"name\":\"\u00f6ibf - Field of work - Profession & Education\",\"isPartOf\":{\"@id\":\"https:\/\/oeibf.at\/#website\"},\"datePublished\":\"2019-10-11T13:43:30+00:00\",\"dateModified\":\"2019-10-29T12:15:43+00:00\",\"description\":\"For many years, \u00f6ibf has been developing and evaluating various forms of labor market measures and vocational training in the field of work and education.\",\"breadcrumb\":{\"@id\":\"https:\/\/oeibf.at\/en\/profession-education\/#breadcrumb\"},\"inLanguage\":\"en-US\",\"potentialAction\":[{\"@type\":\"ReadAction\",\"target\":[\"https:\/\/oeibf.at\/en\/profession-education\/\"]}]},{\"@type\":\"BreadcrumbList\",\"@id\":\"https:\/\/oeibf.at\/en\/profession-education\/#breadcrumb\",\"itemListElement\":[{\"@type\":\"ListItem\",\"position\":1,\"name\":\"Startseite\",\"item\":\"https:\/\/oeibf.at\/en\/\"},{\"@type\":\"ListItem\",\"position\":2,\"name\":\"Profession &#038; Education\"}]},{\"@type\":\"WebSite\",\"@id\":\"https:\/\/oeibf.at\/#website\",\"url\":\"https:\/\/oeibf.at\/\",\"name\":\"\u00f6ibf\",\"description\":\"\u00d6sterreichisches Institut f\u00fcr Berufsbildungsforschung\",\"potentialAction\":[{\"@type\":\"SearchAction\",\"target\":{\"@type\":\"EntryPoint\",\"urlTemplate\":\"https:\/\/oeibf.at\/?s={search_term_string}\"},\"query-input\":\"required name=search_term_string\"}],\"inLanguage\":\"en-US\"}]}<\/script>\n<!-- \/ Yoast SEO plugin. -->","yoast_head_json":{"title":"\u00f6ibf - Field of work - Profession & Education","description":"For many years, \u00f6ibf has been developing and evaluating various forms of labor market measures and vocational training in the field of work and education.","robots":{"index":"index","follow":"follow","max-snippet":"max-snippet:-1","max-image-preview":"max-image-preview:large","max-video-preview":"max-video-preview:-1"},"canonical":"https:\/\/oeibf.at\/en\/profession-education\/","og_locale":"en_US","og_type":"article","og_title":"\u00f6ibf - Field of work - Profession & Education","og_description":"For many years, \u00f6ibf has been developing and evaluating various forms of labor market measures and vocational training in the field of work and education.","og_url":"https:\/\/oeibf.at\/en\/profession-education\/","og_site_name":"\u00f6ibf","article_modified_time":"2019-10-29T12:15:43+00:00","twitter_card":"summary_large_image","twitter_misc":{"Est. reading time":"5 minutes"},"schema":{"@context":"https:\/\/schema.org","@graph":[{"@type":"WebPage","@id":"https:\/\/oeibf.at\/en\/profession-education\/","url":"https:\/\/oeibf.at\/en\/profession-education\/","name":"\u00f6ibf - Field of work - Profession & Education","isPartOf":{"@id":"https:\/\/oeibf.at\/#website"},"datePublished":"2019-10-11T13:43:30+00:00","dateModified":"2019-10-29T12:15:43+00:00","description":"For many years, \u00f6ibf has been developing and evaluating various forms of labor market measures and vocational training in the field of work and education.","breadcrumb":{"@id":"https:\/\/oeibf.at\/en\/profession-education\/#breadcrumb"},"inLanguage":"en-US","potentialAction":[{"@type":"ReadAction","target":["https:\/\/oeibf.at\/en\/profession-education\/"]}]},{"@type":"BreadcrumbList","@id":"https:\/\/oeibf.at\/en\/profession-education\/#breadcrumb","itemListElement":[{"@type":"ListItem","position":1,"name":"Startseite","item":"https:\/\/oeibf.at\/en\/"},{"@type":"ListItem","position":2,"name":"Profession &#038; Education"}]},{"@type":"WebSite","@id":"https:\/\/oeibf.at\/#website","url":"https:\/\/oeibf.at\/","name":"\u00f6ibf","description":"\u00d6sterreichisches Institut f\u00fcr Berufsbildungsforschung","potentialAction":[{"@type":"SearchAction","target":{"@type":"EntryPoint","urlTemplate":"https:\/\/oeibf.at\/?s={search_term_string}"},"query-input":"required name=search_term_string"}],"inLanguage":"en-US"}]}},"_links":{"self":[{"href":"https:\/\/oeibf.at\/en\/wp-json\/wp\/v2\/pages\/935"}],"collection":[{"href":"https:\/\/oeibf.at\/en\/wp-json\/wp\/v2\/pages"}],"about":[{"href":"https:\/\/oeibf.at\/en\/wp-json\/wp\/v2\/types\/page"}],"author":[{"embeddable":true,"href":"https:\/\/oeibf.at\/en\/wp-json\/wp\/v2\/users\/1"}],"replies":[{"embeddable":true,"href":"https:\/\/oeibf.at\/en\/wp-json\/wp\/v2\/comments?post=935"}],"version-history":[{"count":7,"href":"https:\/\/oeibf.at\/en\/wp-json\/wp\/v2\/pages\/935\/revisions"}],"predecessor-version":[{"id":1332,"href":"https:\/\/oeibf.at\/en\/wp-json\/wp\/v2\/pages\/935\/revisions\/1332"}],"wp:attachment":[{"href":"https:\/\/oeibf.at\/en\/wp-json\/wp\/v2\/media?parent=935"}],"curies":[{"name":"wp","href":"https:\/\/api.w.org\/{rel}","templated":true}]}}