{"id":975,"date":"2019-10-11T15:53:02","date_gmt":"2019-10-11T13:53:02","guid":{"rendered":"http:\/\/www.oeibf.at\/?page_id=975"},"modified":"2019-10-22T22:56:45","modified_gmt":"2019-10-22T20:56:45","slug":"raithelhuber","status":"publish","type":"page","link":"https:\/\/oeibf.at\/en\/raithelhuber\/","title":{"rendered":"Evelyn Raithelhuber"},"content":{"rendered":"<p><div class=\"fusion-fullwidth fullwidth-box fusion-builder-row-1 nonhundred-percent-fullwidth non-hundred-percent-height-scrolling\" style=\"background-color: #ffffff;background-position: center center;background-repeat: no-repeat;padding-top:0px;padding-right:0px;padding-bottom:0px;padding-left:0px;margin-bottom: 0px;margin-top: 0px;border-width: 0px 0px 0px 0px;border-color:rgba(234,233,233,0);border-style:solid;\" ><div class=\"fusion-builder-row fusion-row\"><div class=\"fusion-layout-column fusion_builder_column fusion-builder-column-0 fusion_builder_column_1_6 1_6 fusion-one-sixth fusion-column-first\" style=\"width:16.666666666667%;width:calc(16.666666666667% - ( ( 4% + 4% + 4% ) * 0.16666666666667 ) );margin-right: 4%;margin-top:0px;margin-bottom:0px;\"><div class=\"fusion-column-wrapper fusion-flex-column-wrapper-legacy\" style=\"background-position:left top;background-repeat:no-repeat;-webkit-background-size:cover;-moz-background-size:cover;-o-background-size:cover;background-size:cover;padding: 0px 40px 0px 40px;\"><div class=\"fusion-clearfix\"><\/div><\/div><\/div><div class=\"fusion-layout-column fusion_builder_column fusion-builder-column-1 fusion_builder_column_1_3 1_3 fusion-one-third\" style=\"width:33.333333333333%;width:calc(33.333333333333% - ( ( 4% + 4% + 4% ) * 0.33333333333333 ) );margin-right: 4%;margin-top:0px;margin-bottom:0px;\"><div class=\"fusion-column-wrapper fusion-flex-column-wrapper-legacy\" style=\"background-position:left top;background-repeat:no-repeat;-webkit-background-size:cover;-moz-background-size:cover;-o-background-size:cover;background-size:cover;padding: 0px 0px 0px 0px;\"><style type=\"text\/css\"><\/style><div class=\"fusion-title title fusion-title-1 fusion-sep-none fusion-title-text fusion-title-size-one\" style=\"margin-top:0px;margin-right:0px;margin-bottom:31px;margin-left:0px;\"><h1 class=\"title-heading-left\" style=\"margin:0;\"><p style=\"text-align: center;\"><span class=\"person-name\">Evelyn Raithelhuber<\/span><\/p><\/h1><\/div><div class=\"fusion-person person fusion-person-center fusion-person-1 fusion-person-icon-top\"><div class=\"person-shortcode-image-wrapper\"><div class=\"person-image-container hover-type-zoomin person-rounded-overflow\" style=\"-webkit-border-radius:1px;-moz-border-radius:1px;border-radius:1px;border:2px solid #d87c13;-webkit-border-radius:1px;-moz-border-radius:1px;border-radius:1px;\"><img class=\"person-img img-responsive wp-image-1125\" width=\"400\" height=\"550\" src=\"https:\/\/oeibf.at\/wp-content\/uploads\/2019\/09\/Evelyn-H.-Raithelhuber-\u00d6IBF-2019-im-Portrait.jpg\" srcset=\"https:\/\/oeibf.at\/wp-content\/uploads\/2019\/09\/Evelyn-H.-Raithelhuber-\u00d6IBF-2019-im-Portrait-200x275.jpg 200w, https:\/\/oeibf.at\/wp-content\/uploads\/2019\/09\/Evelyn-H.-Raithelhuber-\u00d6IBF-2019-im-Portrait.jpg 400w\" sizes=\"(max-width: 800px) 100vw, 400px\" \/><\/div><\/div><\/div><style type=\"text\/css\">.fusion-person-1 .boxed-icons .fusion-social-network-icon{border-top-width:0px !important;border-right-width:0px !important;border-bottom-width:0px !important;border-left-width:0px !important;border-color:var(--awb-color3) !important;}.fusion-person-1 .boxed-icons .fusion-social-network-icon:hover{background-color:rgba(232,232,232,0.8) !important;border-color:var(--awb-color4) !important;}.fusion-person-1 .fusion-social-network-icon:hover{color:rgba(255,255,255,0.8) !important;}.fusion-person-1{ margin-top : 0px;margin-right : 0px;margin-bottom : 0px;margin-left : 0px;}<\/style><div class=\"fusion-clearfix\"><\/div><\/div><\/div><div class=\"fusion-layout-column fusion_builder_column fusion-builder-column-2 fusion_builder_column_1_3 1_3 fusion-one-third\" style=\"width:33.333333333333%;width:calc(33.333333333333% - ( ( 4% + 4% + 4% ) * 0.33333333333333 ) );margin-right: 4%;margin-top:0px;margin-bottom:0px;\"><div class=\"fusion-column-wrapper fusion-flex-column-wrapper-legacy\" style=\"background-position:left top;background-repeat:no-repeat;-webkit-background-size:cover;-moz-background-size:cover;-o-background-size:cover;background-size:cover;padding: 0px 0px 0px 0px;\"><style type=\"text\/css\">@media only screen and (max-width:800px) {.fusion-title.fusion-title-2{margin-top:40px!important;margin-bottom:!important;}}<\/style><div class=\"fusion-title title fusion-title-2 fusion-sep-none fusion-title-text fusion-title-size-two\" style=\"margin-top:65px;margin-right:0px;margin-bottom:31px;margin-left:0px;\"><h2 class=\"title-heading-left\" style=\"margin:0;\">PORTRAIT<\/h2><\/div><div class=\"fusion-text fusion-text-1\"><p>Privately, I am a mother of three children, professionally something like &#8220;the mother of the \u00f6ibf team&#8221; ? From the University of Mannheim via the United Nations in Nairobi, my path led me to \u00f6ibf in June 2015. Here I am in the secretariat with everything that falls in the broader sense in the field of administration.<\/p>\n<\/div><div class=\"fusion-person person fusion-person-center fusion-person-2 fusion-person-icon-top\"><div class=\"person-desc\"><div class=\"person-author\"><div class=\"person-author-wrapper\"><span class=\"person-name\">Evelyn Raithelhuber<\/span><span class=\"person-title\">Administration<\/span><\/div><div class=\"fusion-social-networks\"><div class=\"fusion-social-networks-wrapper\"><a class=\"fusion-social-network-icon fusion-tooltip fusion-mail awb-icon-mail\" aria-label=\"fusion-mail\" href=\"mailto:&#101;v&#101;lyn&#046;&#114;aith&#101;&#108;&#104;&#117;b&#101;&#114;&#064;&#111;&#101;ibf&#046;a&#116;\" target=\"_self\" style=\"color:#d87c13;font-size:16px;\" data-placement=\"top\" data-title=\"Mail\" title=\"Mail\" data-toggle=\"tooltip\"><\/a><\/div><\/div><\/div><div class=\"person-content fusion-clearfix\">Tel.: +43 1 310 33 34 13<\/div><\/div><\/div><style type=\"text\/css\">.fusion-person-2 .boxed-icons .fusion-social-network-icon{border-top-width:0px !important;border-right-width:0px !important;border-bottom-width:0px !important;border-left-width:0px !important;border-color:var(--awb-color3) !important;}.fusion-person-2 .boxed-icons .fusion-social-network-icon:hover{background-color:rgba(232,232,232,0.8) !important;border-color:var(--awb-color4) !important;}.fusion-person-2 .fusion-social-network-icon:hover{color:rgba(255,255,255,0.8) !important;}.fusion-person-2{ margin-top : 0px;margin-right : 0px;margin-bottom : 0px;margin-left : 0px;}<\/style><div class=\"fusion-clearfix\"><\/div><\/div><\/div><div class=\"fusion-layout-column fusion_builder_column fusion-builder-column-3 fusion_builder_column_1_6 1_6 fusion-one-sixth fusion-column-last\" style=\"width:16.666666666667%;width:calc(16.666666666667% - ( ( 4% + 4% + 4% ) * 0.16666666666667 ) );margin-top:0px;margin-bottom:0px;\"><div class=\"fusion-column-wrapper fusion-flex-column-wrapper-legacy\" style=\"background-position:left top;background-repeat:no-repeat;-webkit-background-size:cover;-moz-background-size:cover;-o-background-size:cover;background-size:cover;padding: 0px 40px 0px 40px;\"><div class=\"fusion-clearfix\"><\/div><\/div><\/div><\/div><\/div><div class=\"fusion-fullwidth fullwidth-box fusion-builder-row-2 nonhundred-percent-fullwidth non-hundred-percent-height-scrolling\" style=\"background-color: #ffffff;background-position: center center;background-repeat: no-repeat;padding-top:0px;padding-right:0px;padding-bottom:0px;padding-left:0px;margin-bottom: 0px;margin-top: 0px;border-width: 0px 0px 0px 0px;border-color:rgba(234,233,233,0);border-style:solid;\" ><div class=\"fusion-builder-row fusion-row\"><div class=\"fusion-layout-column fusion_builder_column fusion-builder-column-4 fusion_builder_column_1_6 1_6 fusion-one-sixth fusion-column-first\" style=\"width:16.666666666667%;width:calc(16.666666666667% - ( ( 4% + 4% ) * 0.16666666666667 ) );margin-right: 4%;margin-top:0px;margin-bottom:0px;\"><div class=\"fusion-column-wrapper fusion-flex-column-wrapper-legacy\" style=\"background-position:left top;background-repeat:no-repeat;-webkit-background-size:cover;-moz-background-size:cover;-o-background-size:cover;background-size:cover;padding: 0px 40px 0px 40px;\"><div class=\"fusion-clearfix\"><\/div><\/div><\/div><div class=\"fusion-layout-column fusion_builder_column fusion-builder-column-5 fusion_builder_column_2_3 2_3 fusion-two-third\" style=\"width:66.666666666667%;width:calc(66.666666666667% - ( ( 4% + 4% ) * 0.66666666666667 ) );margin-right: 4%;margin-top:0px;margin-bottom:0px;\"><div class=\"fusion-column-wrapper fusion-flex-column-wrapper-legacy\" style=\"background-position:left top;background-repeat:no-repeat;-webkit-background-size:cover;-moz-background-size:cover;-o-background-size:cover;background-size:cover;padding: 0px 0px 0px 0px;\"><div class=\"fusion-clearfix\"><\/div><\/div><\/div><div class=\"fusion-layout-column fusion_builder_column fusion-builder-column-6 fusion_builder_column_1_6 1_6 fusion-one-sixth fusion-column-last\" style=\"width:16.666666666667%;width:calc(16.666666666667% - ( ( 4% + 4% ) * 0.16666666666667 ) );margin-top:0px;margin-bottom:0px;\"><div class=\"fusion-column-wrapper fusion-flex-column-wrapper-legacy\" style=\"background-position:left top;background-repeat:no-repeat;-webkit-background-size:cover;-moz-background-size:cover;-o-background-size:cover;background-size:cover;padding: 0px 40px 0px 40px;\"><div class=\"fusion-clearfix\"><\/div><\/div><\/div><\/div><\/div><div class=\"fusion-fullwidth fullwidth-box fusion-builder-row-3 nonhundred-percent-fullwidth non-hundred-percent-height-scrolling\" style=\"background-color: #ffffff;background-position: center center;background-repeat: no-repeat;padding-top:0px;padding-right:0px;padding-bottom:0px;padding-left:0px;margin-bottom: 0px;margin-top: 0px;border-width: 0px 0px 0px 0px;border-color:rgba(234,233,233,0);border-style:solid;\" ><div class=\"fusion-builder-row fusion-row\"><div class=\"fusion-layout-column fusion_builder_column fusion-builder-column-7 fusion_builder_column_1_1 1_1 fusion-one-full fusion-column-first fusion-column-last\" style=\"margin-top:0px;margin-bottom:0px;\"><div class=\"fusion-column-wrapper fusion-flex-column-wrapper-legacy\" style=\"background-position:left top;background-repeat:no-repeat;-webkit-background-size:cover;-moz-background-size:cover;-o-background-size:cover;background-size:cover;padding: 0px 0px 0px 0px;\"><div class=\"fusion-clearfix\"><\/div><\/div><\/div><\/div><\/div><\/p>\n","protected":false},"excerpt":{"rendered":"","protected":false},"author":1,"featured_media":0,"parent":0,"menu_order":0,"comment_status":"closed","ping_status":"open","template":"","meta":{"inline_featured_image":false},"yoast_head":"<!-- This site is optimized with the Yoast SEO plugin v19.7.1 - https:\/\/yoast.com\/wordpress\/plugins\/seo\/ -->\n<title>Evelyn Raithelhuber, Administration - \u00f6ibf team<\/title>\n<meta name=\"description\" content=\"Austrian Institute for Vocational Education Research, Evelyn Raithelhuber - Administration - Tel.: +43 1 310 33 34 13 - Portrait - Publications\" \/>\n<meta name=\"robots\" content=\"index, follow, max-snippet:-1, max-image-preview:large, max-video-preview:-1\" \/>\n<link rel=\"canonical\" href=\"https:\/\/oeibf.at\/en\/raithelhuber\/\" \/>\n<meta property=\"og:locale\" content=\"en_US\" \/>\n<meta property=\"og:type\" content=\"article\" \/>\n<meta property=\"og:title\" content=\"Evelyn Raithelhuber, Administration - \u00f6ibf team\" \/>\n<meta property=\"og:description\" content=\"Austrian Institute for Vocational Education Research, Evelyn Raithelhuber - Administration - Tel.: +43 1 310 33 34 13 - Portrait - Publications\" \/>\n<meta property=\"og:url\" content=\"https:\/\/oeibf.at\/en\/raithelhuber\/\" \/>\n<meta property=\"og:site_name\" content=\"\u00f6ibf\" \/>\n<meta property=\"article:modified_time\" content=\"2019-10-22T20:56:45+00:00\" \/>\n<meta name=\"twitter:card\" content=\"summary_large_image\" \/>\n<meta name=\"twitter:label1\" content=\"Est. reading time\" \/>\n\t<meta name=\"twitter:data1\" content=\"8 minutes\" \/>\n<script type=\"application\/ld+json\" class=\"yoast-schema-graph\">{\"@context\":\"https:\/\/schema.org\",\"@graph\":[{\"@type\":\"WebPage\",\"@id\":\"https:\/\/oeibf.at\/en\/raithelhuber\/\",\"url\":\"https:\/\/oeibf.at\/en\/raithelhuber\/\",\"name\":\"Evelyn Raithelhuber, Administration - \u00f6ibf team\",\"isPartOf\":{\"@id\":\"https:\/\/oeibf.at\/#website\"},\"datePublished\":\"2019-10-11T13:53:02+00:00\",\"dateModified\":\"2019-10-22T20:56:45+00:00\",\"description\":\"Austrian Institute for Vocational Education Research, Evelyn Raithelhuber - Administration - Tel.: +43 1 310 33 34 13 - Portrait - Publications\",\"breadcrumb\":{\"@id\":\"https:\/\/oeibf.at\/en\/raithelhuber\/#breadcrumb\"},\"inLanguage\":\"en-US\",\"potentialAction\":[{\"@type\":\"ReadAction\",\"target\":[\"https:\/\/oeibf.at\/en\/raithelhuber\/\"]}]},{\"@type\":\"BreadcrumbList\",\"@id\":\"https:\/\/oeibf.at\/en\/raithelhuber\/#breadcrumb\",\"itemListElement\":[{\"@type\":\"ListItem\",\"position\":1,\"name\":\"Startseite\",\"item\":\"https:\/\/oeibf.at\/en\/\"},{\"@type\":\"ListItem\",\"position\":2,\"name\":\"Evelyn Raithelhuber\"}]},{\"@type\":\"WebSite\",\"@id\":\"https:\/\/oeibf.at\/#website\",\"url\":\"https:\/\/oeibf.at\/\",\"name\":\"\u00f6ibf\",\"description\":\"\u00d6sterreichisches Institut f\u00fcr Berufsbildungsforschung\",\"potentialAction\":[{\"@type\":\"SearchAction\",\"target\":{\"@type\":\"EntryPoint\",\"urlTemplate\":\"https:\/\/oeibf.at\/?s={search_term_string}\"},\"query-input\":\"required name=search_term_string\"}],\"inLanguage\":\"en-US\"}]}<\/script>\n<!-- \/ Yoast SEO plugin. -->","yoast_head_json":{"title":"Evelyn Raithelhuber, Administration - \u00f6ibf team","description":"Austrian Institute for Vocational Education Research, Evelyn Raithelhuber - Administration - Tel.: +43 1 310 33 34 13 - Portrait - Publications","robots":{"index":"index","follow":"follow","max-snippet":"max-snippet:-1","max-image-preview":"max-image-preview:large","max-video-preview":"max-video-preview:-1"},"canonical":"https:\/\/oeibf.at\/en\/raithelhuber\/","og_locale":"en_US","og_type":"article","og_title":"Evelyn Raithelhuber, Administration - \u00f6ibf team","og_description":"Austrian Institute for Vocational Education Research, Evelyn Raithelhuber - Administration - Tel.: +43 1 310 33 34 13 - Portrait - Publications","og_url":"https:\/\/oeibf.at\/en\/raithelhuber\/","og_site_name":"\u00f6ibf","article_modified_time":"2019-10-22T20:56:45+00:00","twitter_card":"summary_large_image","twitter_misc":{"Est. reading time":"8 minutes"},"schema":{"@context":"https:\/\/schema.org","@graph":[{"@type":"WebPage","@id":"https:\/\/oeibf.at\/en\/raithelhuber\/","url":"https:\/\/oeibf.at\/en\/raithelhuber\/","name":"Evelyn Raithelhuber, Administration - \u00f6ibf team","isPartOf":{"@id":"https:\/\/oeibf.at\/#website"},"datePublished":"2019-10-11T13:53:02+00:00","dateModified":"2019-10-22T20:56:45+00:00","description":"Austrian Institute for Vocational Education Research, Evelyn Raithelhuber - Administration - Tel.: +43 1 310 33 34 13 - Portrait - Publications","breadcrumb":{"@id":"https:\/\/oeibf.at\/en\/raithelhuber\/#breadcrumb"},"inLanguage":"en-US","potentialAction":[{"@type":"ReadAction","target":["https:\/\/oeibf.at\/en\/raithelhuber\/"]}]},{"@type":"BreadcrumbList","@id":"https:\/\/oeibf.at\/en\/raithelhuber\/#breadcrumb","itemListElement":[{"@type":"ListItem","position":1,"name":"Startseite","item":"https:\/\/oeibf.at\/en\/"},{"@type":"ListItem","position":2,"name":"Evelyn Raithelhuber"}]},{"@type":"WebSite","@id":"https:\/\/oeibf.at\/#website","url":"https:\/\/oeibf.at\/","name":"\u00f6ibf","description":"\u00d6sterreichisches Institut f\u00fcr Berufsbildungsforschung","potentialAction":[{"@type":"SearchAction","target":{"@type":"EntryPoint","urlTemplate":"https:\/\/oeibf.at\/?s={search_term_string}"},"query-input":"required name=search_term_string"}],"inLanguage":"en-US"}]}},"_links":{"self":[{"href":"https:\/\/oeibf.at\/en\/wp-json\/wp\/v2\/pages\/975"}],"collection":[{"href":"https:\/\/oeibf.at\/en\/wp-json\/wp\/v2\/pages"}],"about":[{"href":"https:\/\/oeibf.at\/en\/wp-json\/wp\/v2\/types\/page"}],"author":[{"embeddable":true,"href":"https:\/\/oeibf.at\/en\/wp-json\/wp\/v2\/users\/1"}],"replies":[{"embeddable":true,"href":"https:\/\/oeibf.at\/en\/wp-json\/wp\/v2\/comments?post=975"}],"version-history":[{"count":6,"href":"https:\/\/oeibf.at\/en\/wp-json\/wp\/v2\/pages\/975\/revisions"}],"predecessor-version":[{"id":1232,"href":"https:\/\/oeibf.at\/en\/wp-json\/wp\/v2\/pages\/975\/revisions\/1232"}],"wp:attachment":[{"href":"https:\/\/oeibf.at\/en\/wp-json\/wp\/v2\/media?parent=975"}],"curies":[{"name":"wp","href":"https:\/\/api.w.org\/{rel}","templated":true}]}}