{"id":989,"date":"2019-10-11T15:58:13","date_gmt":"2019-10-11T13:58:13","guid":{"rendered":"http:\/\/www.oeibf.at\/?page_id=989"},"modified":"2019-10-23T00:31:28","modified_gmt":"2019-10-22T22:31:28","slug":"terms-of-use","status":"publish","type":"page","link":"https:\/\/oeibf.at\/en\/terms-of-use\/","title":{"rendered":"Terms of use"},"content":{"rendered":"<p><div class=\"fusion-fullwidth fullwidth-box fusion-builder-row-1 nonhundred-percent-fullwidth non-hundred-percent-height-scrolling fusion-equal-height-columns\" style=\"background-color: #ffffff;background-position: center center;background-repeat: no-repeat;padding-top:0px;padding-right:0px;padding-bottom:0px;padding-left:0px;margin-bottom: 0px;margin-top: 0px;border-width: 0px 0px 0px 0px;border-color:rgba(234,233,233,0);border-style:solid;\" ><div class=\"fusion-builder-row fusion-row\"><div class=\"fusion-layout-column fusion_builder_column fusion-builder-column-0 fusion_builder_column_1_1 1_1 fusion-one-full fusion-column-first fusion-column-last\" style=\"margin-top:0px;margin-bottom:0px;\"><div class=\"fusion-column-wrapper fusion-flex-column-wrapper-legacy\" style=\"background-position:left top;background-repeat:no-repeat;-webkit-background-size:cover;-moz-background-size:cover;-o-background-size:cover;background-size:cover;padding: 0px 25px 0px 0px;\"><style type=\"text\/css\"><\/style><div class=\"fusion-title title fusion-title-1 fusion-sep-none fusion-title-text fusion-title-size-one\" style=\"margin-top:0px;margin-right:0px;margin-bottom:31px;margin-left:0px;\"><h1 class=\"title-heading-left\" style=\"margin:0;\"><p style=\"text-align: center;\">TERMS OF USE<\/p><\/h1><\/div><div class=\"fusion-sep-clear\"><\/div><div class=\"fusion-separator fusion-full-width-sep\" style=\"margin-left: auto;margin-right: auto;margin-top:15xp;margin-bottom:15px;width:100%;\"><\/div><div class=\"fusion-sep-clear\"><\/div><div class=\"fusion-text fusion-text-1\"><div class=\"fusion-fullwidth fullwidth-box fusion-builder-row-1 nonhundred-percent-fullwidth non-hundred-percent-height-scrolling fusion-equal-height-columns\">\n<div class=\"fusion-builder-row fusion-row \">\n<div class=\"fusion-layout-column fusion_builder_column fusion_builder_column_1_1 fusion-builder-column-1 fusion-one-full fusion-column-first fusion-column-last 1_1\">\n<div class=\"fusion-column-wrapper\" data-bg-url=\"\">\n<div class=\"fusion-text\">\n<h2><span class=\"notranslate\">Liability for contents of this website<\/span><\/h2>\n<p><span class=\"notranslate\"> We are constantly developing the contents of this website and strive to provide correct and up-to-date information.<\/span> <span class=\"notranslate\"> Unfortunately, we can not assume any liability for the correctness of all content on this website, especially for those provided by third parties.<\/span><\/p>\n<p><span class=\"notranslate\"> If you notice any problematic or unlawful content, please contact us immediately, you will find the contact details in the imprint.<\/span><\/p>\n<h2><span class=\"notranslate\"> Liability for links on this website<\/span><\/h2>\n<p><span class=\"notranslate\"> Our website contains links to other websites whose content we are not responsible for.<\/span> <span class=\"notranslate\"> Liability for linked websites does not exist for us according to <a href=\"https:\/\/www.ris.bka.gv.at\/Dokument.wxe?Abfrage=Bundesnormen&amp;Dokumentnummer=NOR40025813&amp;tid=221102358\">\u00a7 17 ECG<\/a> , because we did not have knowledge of illegal activities and have not noticed such illegality and we would remove links immediately if we become aware of any illegalities.<\/span><\/p>\n<p><span class=\"notranslate\"> If you notice unlawful links on our website, we ask you to contact us, you will find the contact details in the imprint.<\/span><\/p>\n<h2><span class=\"notranslate\"> Copyright Notice<\/span><\/h2>\n<p><span class=\"notranslate\"> All contents of this website (pictures, photos, texts, videos) are subject to copyright.<\/span> <span class=\"notranslate\"> If necessary, we will legally pursue the unauthorized use of parts of the contents of our site.<\/span><\/p>\n<h2><span class=\"notranslate\"> Legal<\/span><\/h2>\n<h3><span class=\"notranslate\"> 1. Content<\/span><\/h3>\n<p><span class=\"notranslate\"> The Austrian Institute for Vocational Education Research (\u00f6ibf) assumes no responsibility for the topicality, correctness, completeness or quality of the information provided.<\/span> <span class=\"notranslate\"> Liability claims against the Austrian Institute for Vocational Training Research, which relate to material or immaterial nature caused by the use or non-use of the information provided or by the use of incorrect and incomplete information, are excluded in principle, unless on the part of \u00f6ibf demonstrably intentional or gross negligence.<\/span> <span class=\"notranslate\"> All offers are non-binding.<\/span> <span class=\"notranslate\"> The \u00f6ibf expressly reserves the right to change, supplement or delete parts of the pages or the entire offer without prior notice or to cease publication temporarily or permanently.<\/span><\/p>\n<h3><span class=\"notranslate\"> 2. References and links<\/span><\/h3>\n<p><span class=\"notranslate\"> The website <a href=\"https:\/\/translate.googleusercontent.com\/translate_c?depth=1&amp;hl=en&amp;rurl=translate.google.com&amp;sl=auto&amp;sp=nmt4&amp;tl=en&amp;u=http:\/\/www.oeibf.at\/&amp;xid=25657,15700021,15700186,15700190,15700256,15700259,15700262,15700265,15700271&amp;usg=ALkJrhhn2J6WZDxaKemlgcZYleicC9wkjQ\">www.oeibf.at<\/a> contains links to other websites that are completely independent from this site.<\/span> <span class=\"notranslate\"> The Austrian Institute for Vocational Training Research can not give any contractual explanation or guarantee with regard to the accuracy, completeness or authenticity of the information contained in one of these hypertext links or any other website.<\/span> <span class=\"notranslate\"> Access to any other web pages linked to the \u00f6ibf is at your own risk.<\/span> <span class=\"notranslate\"> The \u00f6ibf declares hereby expressly that at the time of the link setting no illegal contents were recognizable on the sides to be linked.<\/span> <span class=\"notranslate\"> The \u00f6ibf has no influence on the current and future design, content or authorship of the linked pages.<\/span> <span class=\"notranslate\"> Therefore it dissociates itself hereby expressly from all contents of all linked \/ linked sides, which were changed after the link setting.<\/span><\/p>\n<h2><span class=\"notranslate\"> EU mediation<\/span><\/h2>\n<p><span class=\"notranslate\"> In accordance with the Regulation on Online Dispute Resolution in Consumer Affairs (ODR Regulation), we would like to inform you about the online dispute resolution platform (OS platform).<\/span><br \/>\n<span class=\"notranslate\"> Consumers have the option of complaining to the European Commission&#8217;s online dispute resolution <a href=\"https:\/\/translate.googleusercontent.com\/translate_c?depth=1&amp;hl=en&amp;rurl=translate.google.com&amp;sl=auto&amp;sp=nmt4&amp;tl=en&amp;u=https:\/\/ec.europa.eu\/consumers\/odr\/main\/index.cfm%3Fevent%3Dmain.home2.show%26lng%3DDE&amp;xid=25657,15700021,15700186,15700190,15700256,15700259,15700262,15700265,15700271&amp;usg=ALkJrhjybJiuuHSyowUfDmIPkXkwr2depA\">platform<\/a> at <a href=\"https:\/\/translate.googleusercontent.com\/translate_c?depth=1&amp;hl=en&amp;rurl=translate.google.com&amp;sl=auto&amp;sp=nmt4&amp;tl=en&amp;u=https:\/\/ec.europa.eu\/consumers\/odr\/main\/index.cfm%3Fevent%3Dmain.home2.show%26lng%3DDE&amp;xid=25657,15700021,15700186,15700190,15700256,15700259,15700262,15700265,15700271&amp;usg=ALkJrhjybJiuuHSyowUfDmIPkXkwr2depA\">http:\/\/ec.europa.eu\/odr?tid=221102358<\/a> .<\/span> <span class=\"notranslate\"> The necessary contact details can be found above in our imprint.<\/span><\/p>\n<p><span class=\"notranslate\"> We would like to point out, however, that we are not willing or obliged to participate in dispute resolution procedures before a consumer arbitration board.<\/span><\/p>\n<\/div>\n<\/div>\n<\/div>\n<\/div>\n<\/div>\n<\/div><div class=\"fusion-clearfix\"><\/div><\/div><\/div><\/div><\/div><div class=\"fusion-fullwidth fullwidth-box fusion-builder-row-2 nonhundred-percent-fullwidth non-hundred-percent-height-scrolling\" style=\"background-color: #ffffff;background-position: center center;background-repeat: no-repeat;padding-top:0px;padding-right:0px;padding-bottom:0px;padding-left:0px;margin-bottom: 0px;margin-top: 0px;border-width: 0px 0px 0px 0px;border-color:rgba(234,233,233,0);border-style:solid;\" ><div class=\"fusion-builder-row fusion-row\"><div class=\"fusion-layout-column fusion_builder_column fusion-builder-column-1 fusion_builder_column_1_6 1_6 fusion-one-sixth fusion-column-first\" style=\"width:16.666666666667%;width:calc(16.666666666667% - ( ( 4% + 4% ) * 0.16666666666667 ) );margin-right: 4%;margin-top:0px;margin-bottom:0px;\"><div class=\"fusion-column-wrapper fusion-flex-column-wrapper-legacy\" style=\"background-position:left top;background-repeat:no-repeat;-webkit-background-size:cover;-moz-background-size:cover;-o-background-size:cover;background-size:cover;padding: 0px 40px 0px 40px;\"><div class=\"fusion-clearfix\"><\/div><\/div><\/div><div class=\"fusion-layout-column fusion_builder_column fusion-builder-column-2 fusion_builder_column_2_3 2_3 fusion-two-third\" style=\"width:66.666666666667%;width:calc(66.666666666667% - ( ( 4% + 4% ) * 0.66666666666667 ) );margin-right: 4%;margin-top:0px;margin-bottom:0px;\"><div class=\"fusion-column-wrapper fusion-flex-column-wrapper-legacy\" style=\"background-position:left top;background-repeat:no-repeat;-webkit-background-size:cover;-moz-background-size:cover;-o-background-size:cover;background-size:cover;padding: 0px 40px 0px 40px;\"><div class=\"fusion-sep-clear\"><\/div><div class=\"fusion-separator fusion-full-width-sep\" style=\"margin-left: auto;margin-right: auto;margin-top:110px;margin-bottom:25px;width:100%;\"><\/div><div class=\"fusion-sep-clear\"><\/div><div class=\"fusion-clearfix\"><\/div><\/div><\/div><div class=\"fusion-layout-column fusion_builder_column fusion-builder-column-3 fusion_builder_column_1_6 1_6 fusion-one-sixth fusion-column-last\" style=\"width:16.666666666667%;width:calc(16.666666666667% - ( ( 4% + 4% ) * 0.16666666666667 ) );margin-top:0px;margin-bottom:0px;\"><div class=\"fusion-column-wrapper fusion-flex-column-wrapper-legacy\" style=\"background-position:left top;background-repeat:no-repeat;-webkit-background-size:cover;-moz-background-size:cover;-o-background-size:cover;background-size:cover;padding: 0px 40px 0px 40px;\"><div class=\"fusion-clearfix\"><\/div><\/div><\/div><\/div><\/div><div class=\"fusion-fullwidth fullwidth-box fusion-builder-row-3 nonhundred-percent-fullwidth non-hundred-percent-height-scrolling\" style=\"background-color: #ffffff;background-position: center center;background-repeat: no-repeat;padding-top:0px;padding-right:0px;padding-bottom:0px;padding-left:0px;margin-bottom: 0px;margin-top: 0px;border-width: 0px 0px 0px 0px;border-color:rgba(234,233,233,0);border-style:solid;\" ><div class=\"fusion-builder-row fusion-row\"><div class=\"fusion-layout-column fusion_builder_column fusion-builder-column-4 fusion_builder_column_1_6 1_6 fusion-one-sixth fusion-column-first\" style=\"width:16.666666666667%;width:calc(16.666666666667% - ( ( 4% + 4% ) * 0.16666666666667 ) );margin-right: 4%;margin-top:0px;margin-bottom:0px;\"><div class=\"fusion-column-wrapper fusion-flex-column-wrapper-legacy\" style=\"background-position:left top;background-repeat:no-repeat;-webkit-background-size:cover;-moz-background-size:cover;-o-background-size:cover;background-size:cover;padding: 0px 40px 0px 40px;\"><div class=\"fusion-clearfix\"><\/div><\/div><\/div><div class=\"fusion-layout-column fusion_builder_column fusion-builder-column-5 fusion_builder_column_2_3 2_3 fusion-two-third\" style=\"width:66.666666666667%;width:calc(66.666666666667% - ( ( 4% + 4% ) * 0.66666666666667 ) );margin-right: 4%;margin-top:0px;margin-bottom:0px;\"><div class=\"fusion-column-wrapper fusion-flex-column-wrapper-legacy\" style=\"background-position:left top;background-repeat:no-repeat;-webkit-background-size:cover;-moz-background-size:cover;-o-background-size:cover;background-size:cover;padding: 0px 0px 0px 0px;\"><div class=\"fusion-sep-clear\"><\/div><div class=\"fusion-separator fusion-full-width-sep\" style=\"margin-left: auto;margin-right: auto;margin-top:15xp;margin-bottom:15px;width:100%;\"><\/div><div class=\"fusion-sep-clear\"><\/div><div class=\"fusion-clearfix\"><\/div><\/div><\/div><div class=\"fusion-layout-column fusion_builder_column fusion-builder-column-6 fusion_builder_column_1_6 1_6 fusion-one-sixth fusion-column-last\" style=\"width:16.666666666667%;width:calc(16.666666666667% - ( ( 4% + 4% ) * 0.16666666666667 ) );margin-top:0px;margin-bottom:0px;\"><div class=\"fusion-column-wrapper fusion-flex-column-wrapper-legacy\" style=\"background-position:left top;background-repeat:no-repeat;-webkit-background-size:cover;-moz-background-size:cover;-o-background-size:cover;background-size:cover;padding: 0px 40px 0px 40px;\"><div class=\"fusion-clearfix\"><\/div><\/div><\/div><\/div><\/div><\/p>\n","protected":false},"excerpt":{"rendered":"","protected":false},"author":1,"featured_media":0,"parent":0,"menu_order":0,"comment_status":"closed","ping_status":"open","template":"","meta":{"inline_featured_image":false},"yoast_head":"<!-- This site is optimized with the Yoast SEO plugin v19.7.1 - https:\/\/yoast.com\/wordpress\/plugins\/seo\/ -->\n<title>\u00f6ibf - Austrian Institute for Vocational Training Research - Terms of Use<\/title>\n<meta name=\"description\" content=\"\u00f6ibf - Austrian Institute for Vocational Training Research | Here you will find our Terms of Use for your visit to our website www.oeibf.at\" \/>\n<meta name=\"robots\" content=\"index, follow, max-snippet:-1, max-image-preview:large, max-video-preview:-1\" \/>\n<link rel=\"canonical\" href=\"https:\/\/oeibf.at\/en\/terms-of-use\/\" \/>\n<meta property=\"og:locale\" content=\"en_US\" \/>\n<meta property=\"og:type\" content=\"article\" \/>\n<meta property=\"og:title\" content=\"\u00f6ibf - Austrian Institute for Vocational Training Research - Terms of Use\" \/>\n<meta property=\"og:description\" content=\"\u00f6ibf - Austrian Institute for Vocational Training Research | Here you will find our Terms of Use for your visit to our website www.oeibf.at\" \/>\n<meta property=\"og:url\" content=\"https:\/\/oeibf.at\/en\/terms-of-use\/\" \/>\n<meta property=\"og:site_name\" content=\"\u00f6ibf\" \/>\n<meta property=\"article:modified_time\" content=\"2019-10-22T22:31:28+00:00\" \/>\n<meta name=\"twitter:card\" content=\"summary_large_image\" \/>\n<meta name=\"twitter:label1\" content=\"Est. reading time\" \/>\n\t<meta name=\"twitter:data1\" content=\"9 minutes\" \/>\n<script type=\"application\/ld+json\" class=\"yoast-schema-graph\">{\"@context\":\"https:\/\/schema.org\",\"@graph\":[{\"@type\":\"WebPage\",\"@id\":\"https:\/\/oeibf.at\/en\/terms-of-use\/\",\"url\":\"https:\/\/oeibf.at\/en\/terms-of-use\/\",\"name\":\"\u00f6ibf - Austrian Institute for Vocational Training Research - Terms of Use\",\"isPartOf\":{\"@id\":\"https:\/\/oeibf.at\/#website\"},\"datePublished\":\"2019-10-11T13:58:13+00:00\",\"dateModified\":\"2019-10-22T22:31:28+00:00\",\"description\":\"\u00f6ibf - Austrian Institute for Vocational Training Research | Here you will find our Terms of Use for your visit to our website www.oeibf.at\",\"breadcrumb\":{\"@id\":\"https:\/\/oeibf.at\/en\/terms-of-use\/#breadcrumb\"},\"inLanguage\":\"en-US\",\"potentialAction\":[{\"@type\":\"ReadAction\",\"target\":[\"https:\/\/oeibf.at\/en\/terms-of-use\/\"]}]},{\"@type\":\"BreadcrumbList\",\"@id\":\"https:\/\/oeibf.at\/en\/terms-of-use\/#breadcrumb\",\"itemListElement\":[{\"@type\":\"ListItem\",\"position\":1,\"name\":\"Startseite\",\"item\":\"https:\/\/oeibf.at\/en\/\"},{\"@type\":\"ListItem\",\"position\":2,\"name\":\"Terms of use\"}]},{\"@type\":\"WebSite\",\"@id\":\"https:\/\/oeibf.at\/#website\",\"url\":\"https:\/\/oeibf.at\/\",\"name\":\"\u00f6ibf\",\"description\":\"\u00d6sterreichisches Institut f\u00fcr Berufsbildungsforschung\",\"potentialAction\":[{\"@type\":\"SearchAction\",\"target\":{\"@type\":\"EntryPoint\",\"urlTemplate\":\"https:\/\/oeibf.at\/?s={search_term_string}\"},\"query-input\":\"required name=search_term_string\"}],\"inLanguage\":\"en-US\"}]}<\/script>\n<!-- \/ Yoast SEO plugin. -->","yoast_head_json":{"title":"\u00f6ibf - Austrian Institute for Vocational Training Research - Terms of Use","description":"\u00f6ibf - Austrian Institute for Vocational Training Research | Here you will find our Terms of Use for your visit to our website www.oeibf.at","robots":{"index":"index","follow":"follow","max-snippet":"max-snippet:-1","max-image-preview":"max-image-preview:large","max-video-preview":"max-video-preview:-1"},"canonical":"https:\/\/oeibf.at\/en\/terms-of-use\/","og_locale":"en_US","og_type":"article","og_title":"\u00f6ibf - Austrian Institute for Vocational Training Research - Terms of Use","og_description":"\u00f6ibf - Austrian Institute for Vocational Training Research | Here you will find our Terms of Use for your visit to our website www.oeibf.at","og_url":"https:\/\/oeibf.at\/en\/terms-of-use\/","og_site_name":"\u00f6ibf","article_modified_time":"2019-10-22T22:31:28+00:00","twitter_card":"summary_large_image","twitter_misc":{"Est. reading time":"9 minutes"},"schema":{"@context":"https:\/\/schema.org","@graph":[{"@type":"WebPage","@id":"https:\/\/oeibf.at\/en\/terms-of-use\/","url":"https:\/\/oeibf.at\/en\/terms-of-use\/","name":"\u00f6ibf - Austrian Institute for Vocational Training Research - Terms of Use","isPartOf":{"@id":"https:\/\/oeibf.at\/#website"},"datePublished":"2019-10-11T13:58:13+00:00","dateModified":"2019-10-22T22:31:28+00:00","description":"\u00f6ibf - Austrian Institute for Vocational Training Research | Here you will find our Terms of Use for your visit to our website www.oeibf.at","breadcrumb":{"@id":"https:\/\/oeibf.at\/en\/terms-of-use\/#breadcrumb"},"inLanguage":"en-US","potentialAction":[{"@type":"ReadAction","target":["https:\/\/oeibf.at\/en\/terms-of-use\/"]}]},{"@type":"BreadcrumbList","@id":"https:\/\/oeibf.at\/en\/terms-of-use\/#breadcrumb","itemListElement":[{"@type":"ListItem","position":1,"name":"Startseite","item":"https:\/\/oeibf.at\/en\/"},{"@type":"ListItem","position":2,"name":"Terms of use"}]},{"@type":"WebSite","@id":"https:\/\/oeibf.at\/#website","url":"https:\/\/oeibf.at\/","name":"\u00f6ibf","description":"\u00d6sterreichisches Institut f\u00fcr Berufsbildungsforschung","potentialAction":[{"@type":"SearchAction","target":{"@type":"EntryPoint","urlTemplate":"https:\/\/oeibf.at\/?s={search_term_string}"},"query-input":"required name=search_term_string"}],"inLanguage":"en-US"}]}},"_links":{"self":[{"href":"https:\/\/oeibf.at\/en\/wp-json\/wp\/v2\/pages\/989"}],"collection":[{"href":"https:\/\/oeibf.at\/en\/wp-json\/wp\/v2\/pages"}],"about":[{"href":"https:\/\/oeibf.at\/en\/wp-json\/wp\/v2\/types\/page"}],"author":[{"embeddable":true,"href":"https:\/\/oeibf.at\/en\/wp-json\/wp\/v2\/users\/1"}],"replies":[{"embeddable":true,"href":"https:\/\/oeibf.at\/en\/wp-json\/wp\/v2\/comments?post=989"}],"version-history":[{"count":6,"href":"https:\/\/oeibf.at\/en\/wp-json\/wp\/v2\/pages\/989\/revisions"}],"predecessor-version":[{"id":1256,"href":"https:\/\/oeibf.at\/en\/wp-json\/wp\/v2\/pages\/989\/revisions\/1256"}],"wp:attachment":[{"href":"https:\/\/oeibf.at\/en\/wp-json\/wp\/v2\/media?parent=989"}],"curies":[{"name":"wp","href":"https:\/\/api.w.org\/{rel}","templated":true}]}}